{"id":1010,"date":"2024-05-29T19:31:28","date_gmt":"2024-05-30T00:31:28","guid":{"rendered":"https:\/\/selvaticoplantshop.com\/?post_type=product&#038;p=1010"},"modified":"2025-07-31T17:45:11","modified_gmt":"2025-07-31T22:45:11","slug":"aglonema-commutatum","status":"publish","type":"product","link":"https:\/\/selvaticoplantshop.com\/index.php\/producto\/aglonema-commutatum\/","title":{"rendered":"Aglaonema Commutatum"},"content":{"rendered":"<p><strong>Tipo de planta<\/strong>: Planta de interior herb\u00e1cea.<\/p>\n<p><strong>Riego<\/strong>: Moderado, dejando que la tierra se seque ligeramente entre riegos.<\/p>\n<p><strong>Luz<\/strong>: Luz indirecta brillante, evitando la luz solar directa.<\/p>\n<p><strong>Humedad<\/strong>: Prefiere ambientes h\u00famedos, pero tolera la humedad ambiente promedio. Se puede aumentar la humedad ambiental agrupando las plantas o colocando la maceta sobre una bandeja con guijarros h\u00famedos.<\/p>\n<p><strong>Suelo<\/strong>: Mezcla de tierra para macetas con buen drenaje.<\/p>\n<p><strong>Cuidados<\/strong>:<br \/>\nFertilice mensualmente durante la temporada de crecimiento (primavera y verano) con un fertilizante l\u00edquido diluido a la mitad. Limpie las hojas con un pa\u00f1o h\u00famedo para eliminar el polvo. Replante cada dos o tres a\u00f1os en una maceta un poco m\u00e1s grande. Pode las hojas marrones o da\u00f1adas. Las hojas y los tallos de la Aglaonema commutatum son t\u00f3xicos y pueden causar irritaci\u00f3n en la boca y la garganta si se ingieren. Mantenga la planta fuera del alcance de ni\u00f1os y mascotas.<\/p>\n","protected":false},"excerpt":{"rendered":"<p>Planta perenne de interior originaria de Filipinas y el noreste de Sulawesi. Hojas de color verde intenso con manchas o rayas blancas, amarillas o rosadas. Crecimiento lento y compacto. Altura m\u00e1xima de 60 cm. Planta tolerante a la sombra y a la baja luminosidad. Requiere riego moderado y humedad ambiental alta. T\u00f3xica para mascotas y ni\u00f1os si se ingiere.<\/p>\n<p>&nbsp;<\/p>\n","protected":false},"featured_media":879,"comment_status":"closed","ping_status":"closed","template":"","meta":{"om_disable_all_campaigns":false,"_monsterinsights_skip_tracking":false,"_monsterinsights_sitenote_active":false,"_monsterinsights_sitenote_note":"","_monsterinsights_sitenote_category":0,"_uf_show_specific_survey":0,"_uf_disable_surveys":false,"_joinchat":[]},"product_brand":[],"product_cat":[25],"product_tag":[],"class_list":{"0":"post-1010","1":"product","2":"type-product","3":"status-publish","4":"has-post-thumbnail","6":"product_cat-plantas-de-interior","7":"pa_tamano-bolsa-35","9":"first","10":"instock","11":"featured","12":"purchasable","13":"product-type-simple"},"aioseo_notices":[],"_links":{"self":[{"href":"https:\/\/selvaticoplantshop.com\/index.php\/wp-json\/wp\/v2\/product\/1010","targetHints":{"allow":["GET"]}}],"collection":[{"href":"https:\/\/selvaticoplantshop.com\/index.php\/wp-json\/wp\/v2\/product"}],"about":[{"href":"https:\/\/selvaticoplantshop.com\/index.php\/wp-json\/wp\/v2\/types\/product"}],"replies":[{"embeddable":true,"href":"https:\/\/selvaticoplantshop.com\/index.php\/wp-json\/wp\/v2\/comments?post=1010"}],"wp:featuredmedia":[{"embeddable":true,"href":"https:\/\/selvaticoplantshop.com\/index.php\/wp-json\/wp\/v2\/media\/879"}],"wp:attachment":[{"href":"https:\/\/selvaticoplantshop.com\/index.php\/wp-json\/wp\/v2\/media?parent=1010"}],"wp:term":[{"taxonomy":"product_brand","embeddable":true,"href":"https:\/\/selvaticoplantshop.com\/index.php\/wp-json\/wp\/v2\/product_brand?post=1010"},{"taxonomy":"product_cat","embeddable":true,"href":"https:\/\/selvaticoplantshop.com\/index.php\/wp-json\/wp\/v2\/product_cat?post=1010"},{"taxonomy":"product_tag","embeddable":true,"href":"https:\/\/selvaticoplantshop.com\/index.php\/wp-json\/wp\/v2\/product_tag?post=1010"}],"curies":[{"name":"wp","href":"https:\/\/api.w.org\/{rel}","templated":true}]}}