{"id":1014,"date":"2024-05-29T19:31:28","date_gmt":"2024-05-30T00:31:28","guid":{"rendered":"https:\/\/selvaticoplantshop.com\/?post_type=product&#038;p=1014"},"modified":"2025-02-04T11:24:31","modified_gmt":"2025-02-04T16:24:31","slug":"bonsai-pino-rastrero-matera-piedra-grande","status":"publish","type":"product","link":"https:\/\/selvaticoplantshop.com\/index.php\/producto\/bonsai-pino-rastrero-matera-piedra-grande\/","title":{"rendered":"Bonsai Pino Rastrero Matera Piedra Grande"},"content":{"rendered":"<p><strong>Tipo De Planta<\/strong>: Pino Rastrero Luz: La mayor\u00eda de los bons\u00e1is necesitan luz solar directa durante varias horas al d\u00eda.<br \/>\n<strong>Riego:<\/strong> El riego debe ser frecuente, pero evitando el encharcamiento. La frecuencia depender\u00e1 del tama\u00f1o del bons\u00e1i, la especie y las condiciones clim\u00e1ticas.<br \/>\n<strong>Poda<\/strong>: La poda es esencial para mantener la forma del bons\u00e1i y estimular su crecimiento. Se debe realizar con herramientas afiladas y desinfectadas.<\/p>\n","protected":false},"excerpt":{"rendered":"<p><strong>Luz:<\/strong> La mayor\u00eda de los bons\u00e1is necesitan luz solar directa durante varias horas al d\u00eda.<br \/>\n<strong>Riego<\/strong>: El riego debe ser frecuente, pero evitando el encharcamiento. La frecuencia depender\u00e1 del tama\u00f1o del bons\u00e1i, la especie y las condiciones clim\u00e1ticas.<br \/>\n<strong>Abono<\/strong>: Se debe abonar el bons\u00e1i durante la primavera y el oto\u00f1o con un fertilizante espec\u00edfico para bons\u00e1is.<br \/>\n<strong>Trasplante<\/strong>: El trasplante se realiza cada dos o tres a\u00f1os, para renovar el sustrato y podar las ra\u00edces.<br \/>\n<strong>Poda<\/strong>: La poda es esencial para mantener la forma del bons\u00e1i y estimular su crecimiento. Se debe realizar con herramientas afiladas y desinfectadas.<\/p>\n","protected":false},"featured_media":895,"comment_status":"closed","ping_status":"closed","template":"","meta":{"om_disable_all_campaigns":false,"_monsterinsights_skip_tracking":false,"_monsterinsights_sitenote_active":false,"_monsterinsights_sitenote_note":"","_monsterinsights_sitenote_category":0,"_uf_show_specific_survey":0,"_uf_disable_surveys":false,"_joinchat":[]},"product_brand":[],"product_cat":[59],"product_tag":[],"class_list":{"0":"post-1014","1":"product","2":"type-product","3":"status-publish","4":"has-post-thumbnail","6":"product_cat-bonsai","7":"pa_tamano-matera-piedra-grande","9":"first","10":"instock","11":"featured","12":"shipping-taxable","13":"purchasable","14":"product-type-simple"},"aioseo_notices":[],"_links":{"self":[{"href":"https:\/\/selvaticoplantshop.com\/index.php\/wp-json\/wp\/v2\/product\/1014","targetHints":{"allow":["GET"]}}],"collection":[{"href":"https:\/\/selvaticoplantshop.com\/index.php\/wp-json\/wp\/v2\/product"}],"about":[{"href":"https:\/\/selvaticoplantshop.com\/index.php\/wp-json\/wp\/v2\/types\/product"}],"replies":[{"embeddable":true,"href":"https:\/\/selvaticoplantshop.com\/index.php\/wp-json\/wp\/v2\/comments?post=1014"}],"wp:featuredmedia":[{"embeddable":true,"href":"https:\/\/selvaticoplantshop.com\/index.php\/wp-json\/wp\/v2\/media\/895"}],"wp:attachment":[{"href":"https:\/\/selvaticoplantshop.com\/index.php\/wp-json\/wp\/v2\/media?parent=1014"}],"wp:term":[{"taxonomy":"product_brand","embeddable":true,"href":"https:\/\/selvaticoplantshop.com\/index.php\/wp-json\/wp\/v2\/product_brand?post=1014"},{"taxonomy":"product_cat","embeddable":true,"href":"https:\/\/selvaticoplantshop.com\/index.php\/wp-json\/wp\/v2\/product_cat?post=1014"},{"taxonomy":"product_tag","embeddable":true,"href":"https:\/\/selvaticoplantshop.com\/index.php\/wp-json\/wp\/v2\/product_tag?post=1014"}],"curies":[{"name":"wp","href":"https:\/\/api.w.org\/{rel}","templated":true}]}}