{"id":1016,"date":"2024-05-29T19:31:29","date_gmt":"2024-05-30T00:31:29","guid":{"rendered":"https:\/\/selvaticoplantshop.com\/?post_type=product&#038;p=1016"},"modified":"2025-07-31T17:43:39","modified_gmt":"2025-07-31T22:43:39","slug":"bromelia-gusmania-mini","status":"publish","type":"product","link":"https:\/\/selvaticoplantshop.com\/index.php\/producto\/bromelia-gusmania-mini\/","title":{"rendered":"Bromelia Gusmania mini"},"content":{"rendered":"<p><strong>Tipo de planta<\/strong>: Epifita, es decir, que crece sobre otras plantas sin parasitarlas.<\/p>\n<p><strong>Riego<\/strong>: Riego moderado. Mant\u00e9n el suelo h\u00famedo pero no empapado. Riega en el centro de la roseta de hojas y aseg\u00farate de que el agua drene bien. En invierno, reduce el riego.<\/p>\n<p><strong>Luz<\/strong>: Luz indirecta brillante. Evita la luz solar directa, ya que puede quemar las hojas.<\/p>\n<p><strong>Humedad<\/strong>: Prefiere ambientes h\u00famedos. Puedes aumentar la humedad ambiental agrupando las plantas o colocando un humidificador cerca.<\/p>\n<p><strong>Suelo<\/strong>: Mezcla suelta y bien drenada, como una mezcla para orqu\u00eddeas o bromelias.<\/p>\n<p><strong>Interior o exterior<\/strong>: Se puede cultivar tanto en interiores como en exteriores en climas c\u00e1lidos y h\u00famedos.<\/p>\n<p><strong>Cuidados:<\/strong><\/p>\n<p>Retira las flores marchitas para estimular la floraci\u00f3n.<br \/>\nFertiliza cada dos o tres meses con un fertilizante l\u00edquido diluido a la mitad de la dosis recomendada.<br \/>\nReplanta cada dos o tres a\u00f1os en una maceta m\u00e1s grande.<br \/>\nProtege de las heladas y las corrientes de aire fr\u00edo.<\/p>\n","protected":false},"excerpt":{"rendered":"<p>Con sus hojas vibrantes y su colorida inflorescencia, la Bromelia Guzmania es una planta tropical que a\u00f1adir\u00e1 un toque de exotismo a tu hogar. Con los cuidados adecuados, esta planta puede prosperar durante muchos a\u00f1os.<\/p>\n<p>&nbsp;<\/p>\n","protected":false},"featured_media":905,"comment_status":"closed","ping_status":"closed","template":"","meta":{"om_disable_all_campaigns":false,"_monsterinsights_skip_tracking":false,"_monsterinsights_sitenote_active":false,"_monsterinsights_sitenote_note":"","_monsterinsights_sitenote_category":0,"_uf_show_specific_survey":0,"_uf_disable_surveys":false,"_joinchat":[]},"product_brand":[],"product_cat":[60],"product_tag":[],"class_list":{"0":"post-1016","1":"product","2":"type-product","3":"status-publish","4":"has-post-thumbnail","6":"product_cat-bromelia","7":"pa_tamano-mini","9":"first","10":"instock","11":"featured","12":"shipping-taxable","13":"purchasable","14":"product-type-simple"},"aioseo_notices":[],"_links":{"self":[{"href":"https:\/\/selvaticoplantshop.com\/index.php\/wp-json\/wp\/v2\/product\/1016","targetHints":{"allow":["GET"]}}],"collection":[{"href":"https:\/\/selvaticoplantshop.com\/index.php\/wp-json\/wp\/v2\/product"}],"about":[{"href":"https:\/\/selvaticoplantshop.com\/index.php\/wp-json\/wp\/v2\/types\/product"}],"replies":[{"embeddable":true,"href":"https:\/\/selvaticoplantshop.com\/index.php\/wp-json\/wp\/v2\/comments?post=1016"}],"wp:featuredmedia":[{"embeddable":true,"href":"https:\/\/selvaticoplantshop.com\/index.php\/wp-json\/wp\/v2\/media\/905"}],"wp:attachment":[{"href":"https:\/\/selvaticoplantshop.com\/index.php\/wp-json\/wp\/v2\/media?parent=1016"}],"wp:term":[{"taxonomy":"product_brand","embeddable":true,"href":"https:\/\/selvaticoplantshop.com\/index.php\/wp-json\/wp\/v2\/product_brand?post=1016"},{"taxonomy":"product_cat","embeddable":true,"href":"https:\/\/selvaticoplantshop.com\/index.php\/wp-json\/wp\/v2\/product_cat?post=1016"},{"taxonomy":"product_tag","embeddable":true,"href":"https:\/\/selvaticoplantshop.com\/index.php\/wp-json\/wp\/v2\/product_tag?post=1016"}],"curies":[{"name":"wp","href":"https:\/\/api.w.org\/{rel}","templated":true}]}}