{"id":1018,"date":"2024-05-29T19:31:29","date_gmt":"2024-05-30T00:31:29","guid":{"rendered":"https:\/\/selvaticoplantshop.com\/?post_type=product&#038;p=1018"},"modified":"2026-04-27T17:10:09","modified_gmt":"2026-04-27T22:10:09","slug":"cactus-koreano","status":"publish","type":"product","link":"https:\/\/selvaticoplantshop.com\/index.php\/producto\/cactus-koreano\/","title":{"rendered":"Cact\u00fas Koreano"},"content":{"rendered":"<p>El Cactus Coreano, tambi\u00e9n conocido como Gymnocalycium injerto, es una planta ornamental \u00fanica creada por la injertaci\u00f3n de dos cactus de peque\u00f1o tama\u00f1o. El cactus de base, usualmente de color verde, sirve como soporte para el cactus injertado en la parte superior, el cual presenta colores vibrantes como naranja, rosa, fucsia o amarillo.<\/p>\n","protected":false},"excerpt":{"rendered":"<p><strong>Riego<\/strong>: Al ser un cactus, el riego debe ser moderado. Se recomienda regar solo cuando el suelo est\u00e9 completamente seco al tacto. En promedio, un riego cada 10 a 15 d\u00edas durante el verano y cada dos meses en invierno ser\u00e1 suficiente.<\/p>\n<p><strong>Luz<\/strong>: Prefiere ambientes con luz indirecta brillante. Ubicarlo cerca de una ventana con orientaci\u00f3n este o oeste ser\u00eda ideal. Evita la luz solar directa, ya que puede quemar sus colores vibrantes.<\/p>\n<p><strong>Humedad<\/strong>: No requiere alta humedad ambiental. De hecho, prefiere ambientes secos.<\/p>\n<p><strong>Suelo<\/strong>: Un buen sustrato para cactus, con buen drenaje, ser\u00e1 perfecto para esta planta. Puedes encontrar mezclas ya preparadas en viveros o tiendas especializadas.<\/p>\n<p><strong>Interior o exterior<\/strong>: El Cactus Coreano puede adaptarse tanto a interiores como exteriores. Sin embargo, si lo ubicas en el exterior, aseg\u00farate de que reciba la luz adecuada y prot\u00e9gelo de heladas fuertes.<\/p>\n<p><strong>Cuidados<\/strong>:<\/p>\n<p>Buen drenaje: El sustrato debe drenar bien para evitar encharcamientos.<br \/>\nFertilizaci\u00f3n: Durante la primavera y el verano, puedes fertilizar cada dos o tres meses con un fertilizante diluido espec\u00edfico para cactus.<br \/>\nTrasplante: Realiza el trasplante cada dos o tres a\u00f1os, a un contenedor un poco m\u00e1s grande que el anterior.<br \/>\nCuidado con las espinas: Ten cuidado al manipular el cactus, ya que sus espinas pueden ser peque\u00f1as pero molestas.<\/p>\n","protected":false},"featured_media":908,"comment_status":"closed","ping_status":"closed","template":"","meta":{"om_disable_all_campaigns":false,"_monsterinsights_skip_tracking":false,"_monsterinsights_sitenote_active":false,"_monsterinsights_sitenote_note":"","_monsterinsights_sitenote_category":0,"_uf_show_specific_survey":0,"_uf_disable_surveys":false,"_joinchat":[]},"product_brand":[],"product_cat":[61],"product_tag":[],"class_list":{"0":"post-1018","1":"product","2":"type-product","3":"status-publish","4":"has-post-thumbnail","6":"product_cat-cactus","7":"pa_tamano-matera-p9","9":"first","10":"instock","11":"featured","12":"shipping-taxable","13":"purchasable","14":"product-type-simple"},"aioseo_notices":[],"_links":{"self":[{"href":"https:\/\/selvaticoplantshop.com\/index.php\/wp-json\/wp\/v2\/product\/1018","targetHints":{"allow":["GET"]}}],"collection":[{"href":"https:\/\/selvaticoplantshop.com\/index.php\/wp-json\/wp\/v2\/product"}],"about":[{"href":"https:\/\/selvaticoplantshop.com\/index.php\/wp-json\/wp\/v2\/types\/product"}],"replies":[{"embeddable":true,"href":"https:\/\/selvaticoplantshop.com\/index.php\/wp-json\/wp\/v2\/comments?post=1018"}],"wp:featuredmedia":[{"embeddable":true,"href":"https:\/\/selvaticoplantshop.com\/index.php\/wp-json\/wp\/v2\/media\/908"}],"wp:attachment":[{"href":"https:\/\/selvaticoplantshop.com\/index.php\/wp-json\/wp\/v2\/media?parent=1018"}],"wp:term":[{"taxonomy":"product_brand","embeddable":true,"href":"https:\/\/selvaticoplantshop.com\/index.php\/wp-json\/wp\/v2\/product_brand?post=1018"},{"taxonomy":"product_cat","embeddable":true,"href":"https:\/\/selvaticoplantshop.com\/index.php\/wp-json\/wp\/v2\/product_cat?post=1018"},{"taxonomy":"product_tag","embeddable":true,"href":"https:\/\/selvaticoplantshop.com\/index.php\/wp-json\/wp\/v2\/product_tag?post=1018"}],"curies":[{"name":"wp","href":"https:\/\/api.w.org\/{rel}","templated":true}]}}