{"id":1024,"date":"2024-05-29T19:31:29","date_gmt":"2024-05-30T00:31:29","guid":{"rendered":"https:\/\/selvaticoplantshop.com\/?post_type=product&#038;p=1024"},"modified":"2026-04-27T17:09:31","modified_gmt":"2026-04-27T22:09:31","slug":"espatifilo-o-lirio-de-la-paz","status":"publish","type":"product","link":"https:\/\/selvaticoplantshop.com\/index.php\/producto\/espatifilo-o-lirio-de-la-paz\/","title":{"rendered":"Espatifilo o Lirio De La Paz"},"content":{"rendered":"<p>El espatifilo (Spathiphyllum) es una planta de interior perenne originaria de las selvas tropicales de Am\u00e9rica, perteneciente a la familia Araceae. Beneficios:<\/p>\n<p>Purifica el aire: El espatifilo es conocido por su capacidad para eliminar toxinas del aire, como el formaldeh\u00eddo y el benceno. Aporta belleza y elegancia, sus hojas verdes brillantes y sus flores blancas duraderas a\u00f1aden un toque de sofisticaci\u00f3n a cualquier espacio.<\/p>\n","protected":false},"excerpt":{"rendered":"<p><strong>Riego<\/strong>: El Espatifilo prefiere un riego moderado, dejando que la tierra se seque ligeramente entre riegos. En invierno, reduce el riego.<\/p>\n<p><strong>Luz:<\/strong> Prospera en lugares con luz indirecta brillante. Evita la luz solar directa, que puede quemar sus hojas.<\/p>\n<p><strong>Humedad:<\/strong> Le gusta la humedad ambiental alta. Puedes aumentar la humedad ambiental agrupando las plantas o colocando un humidificador cerca.<\/p>\n<p><strong>Suelo:<\/strong> Requiere un suelo bien drenado, rico en materia org\u00e1nica y ligeramente \u00e1cido. Puedes usar una mezcla de tierra para macetas de buena calidad.<\/p>\n<p><strong>Interior o exterior<\/strong>: El Espatifilo es una planta de interior ideal para hogares y oficinas. No tolera las heladas, por lo que no es adecuada para el exterior en climas fr\u00edos.<\/p>\n<p><strong>Cuidados:<\/strong><\/p>\n<p>Fertilizante: Fertiliza durante la primavera y el verano con un fertilizante l\u00edquido diluido cada dos semanas.<br \/>\nTemperatura: Mant\u00e9n la temperatura entre 18\u00b0C y 24\u00b0C.<br \/>\nTrasplante: Trasplante cada dos o tres a\u00f1os a una maceta un poco m\u00e1s grande.<br \/>\nPoda: Poda las hojas marrones o da\u00f1adas.<\/p>\n","protected":false},"featured_media":925,"comment_status":"closed","ping_status":"closed","template":"","meta":{"om_disable_all_campaigns":false,"_monsterinsights_skip_tracking":false,"_monsterinsights_sitenote_active":false,"_monsterinsights_sitenote_note":"","_monsterinsights_sitenote_category":0,"_uf_show_specific_survey":0,"_uf_disable_surveys":false,"_joinchat":[]},"product_brand":[],"product_cat":[25],"product_tag":[],"class_list":{"0":"post-1024","1":"product","2":"type-product","3":"status-publish","4":"has-post-thumbnail","6":"product_cat-plantas-de-interior","7":"pa_tamano-matera-p14","9":"first","10":"instock","11":"featured","12":"shipping-taxable","13":"purchasable","14":"product-type-simple"},"aioseo_notices":[],"_links":{"self":[{"href":"https:\/\/selvaticoplantshop.com\/index.php\/wp-json\/wp\/v2\/product\/1024","targetHints":{"allow":["GET"]}}],"collection":[{"href":"https:\/\/selvaticoplantshop.com\/index.php\/wp-json\/wp\/v2\/product"}],"about":[{"href":"https:\/\/selvaticoplantshop.com\/index.php\/wp-json\/wp\/v2\/types\/product"}],"replies":[{"embeddable":true,"href":"https:\/\/selvaticoplantshop.com\/index.php\/wp-json\/wp\/v2\/comments?post=1024"}],"wp:featuredmedia":[{"embeddable":true,"href":"https:\/\/selvaticoplantshop.com\/index.php\/wp-json\/wp\/v2\/media\/925"}],"wp:attachment":[{"href":"https:\/\/selvaticoplantshop.com\/index.php\/wp-json\/wp\/v2\/media?parent=1024"}],"wp:term":[{"taxonomy":"product_brand","embeddable":true,"href":"https:\/\/selvaticoplantshop.com\/index.php\/wp-json\/wp\/v2\/product_brand?post=1024"},{"taxonomy":"product_cat","embeddable":true,"href":"https:\/\/selvaticoplantshop.com\/index.php\/wp-json\/wp\/v2\/product_cat?post=1024"},{"taxonomy":"product_tag","embeddable":true,"href":"https:\/\/selvaticoplantshop.com\/index.php\/wp-json\/wp\/v2\/product_tag?post=1024"}],"curies":[{"name":"wp","href":"https:\/\/api.w.org\/{rel}","templated":true}]}}