{"id":1025,"date":"2024-05-29T19:31:29","date_gmt":"2024-05-30T00:31:29","guid":{"rendered":"https:\/\/selvaticoplantshop.com\/?post_type=product&#038;p=1025"},"modified":"2025-07-31T18:10:05","modified_gmt":"2025-07-31T23:10:05","slug":"ficus-altissima","status":"publish","type":"product","link":"https:\/\/selvaticoplantshop.com\/index.php\/producto\/ficus-altissima\/","title":{"rendered":"Ficus Altissima"},"content":{"rendered":"<p><strong>Tipo de planta<\/strong>: \u00c1rbol de hoja perenne de interior\/exterior<\/p>\n<p><strong>Riego<\/strong>: Moderado. Deje que la tierra se seque ligeramente entre riegos. Riegue m\u00e1s frecuentemente en verano y menos en invierno.<\/p>\n<p><strong>Luz<\/strong>: Luz indirecta brillante. Puede tolerar algo de luz solar directa, pero evite la exposici\u00f3n prolongada al sol del mediod\u00eda.<\/p>\n<p><strong>Humedad<\/strong>: Prefiere la humedad ambiental media. Puede aumentar la humedad ambiental agrupando la planta con otras plantas o colocando un humidificador cerca.<\/p>\n<p><strong>Suelo<\/strong>: Mezcla de tierra para macetas con buen drenaje.<\/p>\n<p><strong>Ubicaci\u00f3n<\/strong>: Interior o exterior en climas c\u00e1lidos. Si la coloca al aire libre, aseg\u00farese de que est\u00e9 protegida del viento y las heladas.<\/p>\n<p><strong>Cuidados:<\/strong><\/p>\n<p>Poda: Pode la planta a fines del invierno o principios de la primavera para mantener su forma y estimular el crecimiento nuevo.<br \/>\nFertilizaci\u00f3n: Fertilice la planta cada dos meses durante la primavera y el verano con un fertilizante l\u00edquido diluido a la mitad de la fuerza recomendada.<br \/>\nPlagas y enfermedades: Controle las plagas comunes de las plantas de interior, como pulgones, cochinillas y ara\u00f1as rojas. Tambi\u00e9n est\u00e9 atento a las enfermedades f\u00fangicas, como la mancha foliar y la pudrici\u00f3n de la ra\u00edz.<\/p>\n","protected":false},"excerpt":{"rendered":"<p>El Ficus Altissima es una planta hermosa y vers\u00e1til que puede agregar un toque de verde a cualquier hogar. Con el cuidado adecuado, tu Ficus Altissima puede prosperar durante muchos a\u00f1os. Consejos adicionales: Las hojas grandes del Ficus Altissima pueden acumular polvo. Limpie las hojas con un pa\u00f1o h\u00famedo para mantenerlas limpias. Tenga cuidado al manipular la planta, ya que la savia puede irritar la piel.<br \/>\nEl Ficus Altissima es una planta t\u00f3xica para las mascotas. Mantenga la planta fuera del alcance de los ni\u00f1os y las mascotas.<\/p>\n<p>&nbsp;<\/p>\n","protected":false},"featured_media":928,"comment_status":"closed","ping_status":"closed","template":"","meta":{"om_disable_all_campaigns":false,"_monsterinsights_skip_tracking":false,"_monsterinsights_sitenote_active":false,"_monsterinsights_sitenote_note":"","_monsterinsights_sitenote_category":0,"_uf_show_specific_survey":0,"_uf_disable_surveys":false,"_joinchat":[]},"product_brand":[],"product_cat":[62],"product_tag":[],"class_list":{"0":"post-1025","1":"product","2":"type-product","3":"status-publish","4":"has-post-thumbnail","6":"product_cat-plantas-de-interior-e-exterior","7":"pa_tamano-bolsa-35","9":"first","10":"instock","11":"featured","12":"shipping-taxable","13":"purchasable","14":"product-type-simple"},"aioseo_notices":[],"_links":{"self":[{"href":"https:\/\/selvaticoplantshop.com\/index.php\/wp-json\/wp\/v2\/product\/1025","targetHints":{"allow":["GET"]}}],"collection":[{"href":"https:\/\/selvaticoplantshop.com\/index.php\/wp-json\/wp\/v2\/product"}],"about":[{"href":"https:\/\/selvaticoplantshop.com\/index.php\/wp-json\/wp\/v2\/types\/product"}],"replies":[{"embeddable":true,"href":"https:\/\/selvaticoplantshop.com\/index.php\/wp-json\/wp\/v2\/comments?post=1025"}],"wp:featuredmedia":[{"embeddable":true,"href":"https:\/\/selvaticoplantshop.com\/index.php\/wp-json\/wp\/v2\/media\/928"}],"wp:attachment":[{"href":"https:\/\/selvaticoplantshop.com\/index.php\/wp-json\/wp\/v2\/media?parent=1025"}],"wp:term":[{"taxonomy":"product_brand","embeddable":true,"href":"https:\/\/selvaticoplantshop.com\/index.php\/wp-json\/wp\/v2\/product_brand?post=1025"},{"taxonomy":"product_cat","embeddable":true,"href":"https:\/\/selvaticoplantshop.com\/index.php\/wp-json\/wp\/v2\/product_cat?post=1025"},{"taxonomy":"product_tag","embeddable":true,"href":"https:\/\/selvaticoplantshop.com\/index.php\/wp-json\/wp\/v2\/product_tag?post=1025"}],"curies":[{"name":"wp","href":"https:\/\/api.w.org\/{rel}","templated":true}]}}