{"id":1028,"date":"2024-05-29T19:31:29","date_gmt":"2024-05-30T00:31:29","guid":{"rendered":"https:\/\/selvaticoplantshop.com\/?post_type=product&#038;p=1028"},"modified":"2025-07-31T17:35:37","modified_gmt":"2025-07-31T22:35:37","slug":"filodendro-gloriosum","status":"publish","type":"product","link":"https:\/\/selvaticoplantshop.com\/index.php\/producto\/filodendro-gloriosum\/","title":{"rendered":"Filodendro Gloriosum"},"content":{"rendered":"<p><strong>Tipo de planta<\/strong>: Trepadora ep\u00edfita<\/p>\n<p><strong>Riego<\/strong>: Moderado. Deje que la tierra se seque ligeramente entre riegos. Evite el riego excesivo, ya que puede provocar la pudrici\u00f3n de la ra\u00edz.<\/p>\n<p><strong>Luz<\/strong>: Luz indirecta brillante. El Filodendro Gloriosum prospera con luz indirecta brillante, pero puede tolerar condiciones de luz m\u00e1s bajas. Evite la luz solar directa, ya que puede quemar las hojas.<\/p>\n<p><strong>Humedad<\/strong>: Alta. El Filodendro Gloriosum prefiere un ambiente h\u00famedo. Puede aumentar la humedad alrededor de la planta agrup\u00e1ndola con otras plantas o usando un humidificador.<\/p>\n<p><strong>Suelo<\/strong>: Mezcla para macetas bien drenada y aireada. Una mezcla para macetas a base de turba con perlita o coco es una buena opci\u00f3n.<\/p>\n<p><strong>Interior o exterior<\/strong>: Interior. El Filodendro Gloriosum no es tolerante a las heladas y debe cultivarse en interiores en climas fr\u00edos. Sin embargo, puede colocarse al aire libre en un lugar protegido durante el verano.<\/p>\n<p><strong>Cuidados<\/strong>:<\/p>\n<p>Fertilizaci\u00f3n: Fertilice durante la temporada de crecimiento (primavera y verano) con un fertilizante l\u00edquido diluido a la mitad de su fuerza cada dos semanas.<br \/>\nPoda: Pode su Filodendro Gloriosum para mantener su forma y eliminar las hojas da\u00f1adas o muertas.<br \/>\nSoporte: Si desea que su Filodendro Gloriosum trepe, proporcione un soporte como un enrejado o una estaca de musgo.<\/p>\n","protected":false},"excerpt":{"rendered":"<p>El Filodendro Gloriosum, tambi\u00e9n conocido como Philodendron Gloriosum, es una planta trepadora originaria de Colombia que se caracteriza por sus hojas grandes y en forma de coraz\u00f3n, con pec\u00edolos largos y de color rojo.<\/p>\n<p>Las hojas pueden alcanzar hasta 40 cm de largo y 30 cm de ancho, y presentan un patr\u00f3n \u00fanico de venas de color verde oscuro o marr\u00f3n rojizo sobre un fondo verde brillante.<\/p>\n<p>El Filodendro Gloriosum es una planta de interior que prospera en ambientes c\u00e1lidos y h\u00famedos.<\/p>\n<p>&nbsp;<\/p>\n","protected":false},"featured_media":944,"comment_status":"closed","ping_status":"closed","template":"","meta":{"om_disable_all_campaigns":false,"_monsterinsights_skip_tracking":false,"_monsterinsights_sitenote_active":false,"_monsterinsights_sitenote_note":"","_monsterinsights_sitenote_category":0,"_uf_show_specific_survey":0,"_uf_disable_surveys":false,"_joinchat":[]},"product_brand":[],"product_cat":[18],"product_tag":[],"class_list":{"0":"post-1028","1":"product","2":"type-product","3":"status-publish","4":"has-post-thumbnail","6":"product_cat-plantas","7":"pa_tamano-matera-p17","9":"first","10":"instock","11":"featured","12":"shipping-taxable","13":"purchasable","14":"product-type-simple"},"aioseo_notices":[],"_links":{"self":[{"href":"https:\/\/selvaticoplantshop.com\/index.php\/wp-json\/wp\/v2\/product\/1028","targetHints":{"allow":["GET"]}}],"collection":[{"href":"https:\/\/selvaticoplantshop.com\/index.php\/wp-json\/wp\/v2\/product"}],"about":[{"href":"https:\/\/selvaticoplantshop.com\/index.php\/wp-json\/wp\/v2\/types\/product"}],"replies":[{"embeddable":true,"href":"https:\/\/selvaticoplantshop.com\/index.php\/wp-json\/wp\/v2\/comments?post=1028"}],"wp:featuredmedia":[{"embeddable":true,"href":"https:\/\/selvaticoplantshop.com\/index.php\/wp-json\/wp\/v2\/media\/944"}],"wp:attachment":[{"href":"https:\/\/selvaticoplantshop.com\/index.php\/wp-json\/wp\/v2\/media?parent=1028"}],"wp:term":[{"taxonomy":"product_brand","embeddable":true,"href":"https:\/\/selvaticoplantshop.com\/index.php\/wp-json\/wp\/v2\/product_brand?post=1028"},{"taxonomy":"product_cat","embeddable":true,"href":"https:\/\/selvaticoplantshop.com\/index.php\/wp-json\/wp\/v2\/product_cat?post=1028"},{"taxonomy":"product_tag","embeddable":true,"href":"https:\/\/selvaticoplantshop.com\/index.php\/wp-json\/wp\/v2\/product_tag?post=1028"}],"curies":[{"name":"wp","href":"https:\/\/api.w.org\/{rel}","templated":true}]}}