{"id":1029,"date":"2024-05-29T19:31:41","date_gmt":"2024-05-30T00:31:41","guid":{"rendered":"https:\/\/selvaticoplantshop.com\/?post_type=product&#038;p=1029"},"modified":"2025-02-04T11:22:12","modified_gmt":"2025-02-04T16:22:12","slug":"florecer-orquideas","status":"publish","type":"product","link":"https:\/\/selvaticoplantshop.com\/index.php\/producto\/florecer-orquideas\/","title":{"rendered":"Florecer Orquideas"},"content":{"rendered":"","protected":false},"excerpt":{"rendered":"<p>Es un fertilizante espec\u00edfico para las necesidades de las orqu\u00eddeas, que proporciona los nutrientes necesarios para estimular la floraci\u00f3n. Se suele aplicar diluido en agua cada dos semanas durante la temporada de crecimiento.<\/p>\n","protected":false},"featured_media":947,"comment_status":"closed","ping_status":"closed","template":"","meta":{"om_disable_all_campaigns":false,"_monsterinsights_skip_tracking":false,"_monsterinsights_sitenote_active":false,"_monsterinsights_sitenote_note":"","_monsterinsights_sitenote_category":0,"_uf_show_specific_survey":0,"_uf_disable_surveys":false,"_joinchat":[]},"product_brand":[],"product_cat":[48],"product_tag":[],"class_list":{"0":"post-1029","1":"product","2":"type-product","3":"status-publish","4":"has-post-thumbnail","6":"product_cat-sustratos-y-abonos","7":"pa_tamano-250ml","9":"first","10":"instock","11":"featured","12":"shipping-taxable","13":"purchasable","14":"product-type-simple"},"aioseo_notices":[],"_links":{"self":[{"href":"https:\/\/selvaticoplantshop.com\/index.php\/wp-json\/wp\/v2\/product\/1029","targetHints":{"allow":["GET"]}}],"collection":[{"href":"https:\/\/selvaticoplantshop.com\/index.php\/wp-json\/wp\/v2\/product"}],"about":[{"href":"https:\/\/selvaticoplantshop.com\/index.php\/wp-json\/wp\/v2\/types\/product"}],"replies":[{"embeddable":true,"href":"https:\/\/selvaticoplantshop.com\/index.php\/wp-json\/wp\/v2\/comments?post=1029"}],"wp:featuredmedia":[{"embeddable":true,"href":"https:\/\/selvaticoplantshop.com\/index.php\/wp-json\/wp\/v2\/media\/947"}],"wp:attachment":[{"href":"https:\/\/selvaticoplantshop.com\/index.php\/wp-json\/wp\/v2\/media?parent=1029"}],"wp:term":[{"taxonomy":"product_brand","embeddable":true,"href":"https:\/\/selvaticoplantshop.com\/index.php\/wp-json\/wp\/v2\/product_brand?post=1029"},{"taxonomy":"product_cat","embeddable":true,"href":"https:\/\/selvaticoplantshop.com\/index.php\/wp-json\/wp\/v2\/product_cat?post=1029"},{"taxonomy":"product_tag","embeddable":true,"href":"https:\/\/selvaticoplantshop.com\/index.php\/wp-json\/wp\/v2\/product_tag?post=1029"}],"curies":[{"name":"wp","href":"https:\/\/api.w.org\/{rel}","templated":true}]}}