{"id":1031,"date":"2024-05-29T19:31:41","date_gmt":"2024-05-30T00:31:41","guid":{"rendered":"https:\/\/selvaticoplantshop.com\/?post_type=product&#038;p=1031"},"modified":"2025-02-04T11:28:18","modified_gmt":"2025-02-04T16:28:18","slug":"humus-liquido","status":"publish","type":"product","link":"https:\/\/selvaticoplantshop.com\/index.php\/producto\/humus-liquido\/","title":{"rendered":"Humus Liquido"},"content":{"rendered":"","protected":false},"excerpt":{"rendered":"<p>El humus l\u00edquido es un fertilizante org\u00e1nico elaborado a partir de la descomposici\u00f3n de materia org\u00e1nica, como esti\u00e9rcol animal, restos vegetales y compost. Este proceso natural enriquece el humus con una gran variedad de nutrientes esenciales para el crecimiento y desarrollo de las plantas.<\/p>\n","protected":false},"featured_media":950,"comment_status":"closed","ping_status":"closed","template":"","meta":{"om_disable_all_campaigns":false,"_monsterinsights_skip_tracking":false,"_monsterinsights_sitenote_active":false,"_monsterinsights_sitenote_note":"","_monsterinsights_sitenote_category":0,"_uf_show_specific_survey":0,"_uf_disable_surveys":false,"_joinchat":[]},"product_brand":[],"product_cat":[48],"product_tag":[],"class_list":{"0":"post-1031","1":"product","2":"type-product","3":"status-publish","4":"has-post-thumbnail","6":"product_cat-sustratos-y-abonos","7":"pa_tamano-250ml","9":"first","10":"instock","11":"featured","12":"shipping-taxable","13":"purchasable","14":"product-type-simple"},"aioseo_notices":[],"_links":{"self":[{"href":"https:\/\/selvaticoplantshop.com\/index.php\/wp-json\/wp\/v2\/product\/1031","targetHints":{"allow":["GET"]}}],"collection":[{"href":"https:\/\/selvaticoplantshop.com\/index.php\/wp-json\/wp\/v2\/product"}],"about":[{"href":"https:\/\/selvaticoplantshop.com\/index.php\/wp-json\/wp\/v2\/types\/product"}],"replies":[{"embeddable":true,"href":"https:\/\/selvaticoplantshop.com\/index.php\/wp-json\/wp\/v2\/comments?post=1031"}],"wp:featuredmedia":[{"embeddable":true,"href":"https:\/\/selvaticoplantshop.com\/index.php\/wp-json\/wp\/v2\/media\/950"}],"wp:attachment":[{"href":"https:\/\/selvaticoplantshop.com\/index.php\/wp-json\/wp\/v2\/media?parent=1031"}],"wp:term":[{"taxonomy":"product_brand","embeddable":true,"href":"https:\/\/selvaticoplantshop.com\/index.php\/wp-json\/wp\/v2\/product_brand?post=1031"},{"taxonomy":"product_cat","embeddable":true,"href":"https:\/\/selvaticoplantshop.com\/index.php\/wp-json\/wp\/v2\/product_cat?post=1031"},{"taxonomy":"product_tag","embeddable":true,"href":"https:\/\/selvaticoplantshop.com\/index.php\/wp-json\/wp\/v2\/product_tag?post=1031"}],"curies":[{"name":"wp","href":"https:\/\/api.w.org\/{rel}","templated":true}]}}