{"id":1032,"date":"2024-05-29T19:31:42","date_gmt":"2024-05-30T00:31:42","guid":{"rendered":"https:\/\/selvaticoplantshop.com\/?post_type=product&#038;p=1032"},"modified":"2025-02-04T11:29:56","modified_gmt":"2025-02-04T16:29:56","slug":"incienso-o-plectranthus-coleoides","status":"publish","type":"product","link":"https:\/\/selvaticoplantshop.com\/index.php\/producto\/incienso-o-plectranthus-coleoides\/","title":{"rendered":"Incienso o Plectranthus coleoides"},"content":{"rendered":"<p>La Plectranthus coleoides, com\u00fanmente conocida como Incienso, L\u00e1grimas de beb\u00e9, Hierba santa o Planta de la menta, es una planta herb\u00e1cea perenne originaria de \u00c1frica tropical y subtropical. Pertenece a la familia de las lami\u00e1ceas, la misma que incluye otras hierbas arom\u00e1ticas como la menta, la albahaca y el or\u00e9gano.<\/p>\n","protected":false},"excerpt":{"rendered":"<p><strong>Riego<\/strong>: Moderado. Es importante dejar secar la tierra ligeramente entre riegos. En invierno, reduce el riego.<\/p>\n<p><strong>Luz<\/strong>: Brillante pero indirecta. Tolera el sol directo por la ma\u00f1ana temprano, pero puede quemarse con el sol intenso de la tarde.<\/p>\n<p><strong>Humedad<\/strong>: Prefiere la humedad ambiental media. Puedes aumentar la humedad ambiental agrup\u00e1ndola con otras plantas o colocando un humidificador cerca.<\/p>\n<p><strong>Suelo<\/strong>: Bien drenado y rico en materia org\u00e1nica. Una mezcla de tierra para macetas de alta calidad con un poco de perlita o arena funcionar\u00e1 bien.<\/p>\n<p><strong>Interior o exterior<\/strong>: Se puede cultivar tanto en interiores como en exteriores. En climas fr\u00edos, tr\u00e1ela adentro durante el invierno.<\/p>\n<p><strong>Cuidados:<\/strong><\/p>\n<p>Poda: Poda regularmente para mantener la forma y estimular el crecimiento nuevo.<br \/>\nFertilizaci\u00f3n: Fertiliza cada dos o tres semanas durante la primavera y el verano con un fertilizante l\u00edquido diluido a la mitad de la fuerza.<br \/>\nEnfermedades y plagas: Es resistente a la mayor\u00eda de las enfermedades y plagas. Sin embargo, puede ser susceptible a pulgones, cochinillas y moscas blancas.Tipo de planta: Perenne herb\u00e1cea<\/p>\n","protected":false},"featured_media":951,"comment_status":"closed","ping_status":"closed","template":"","meta":{"om_disable_all_campaigns":false,"_monsterinsights_skip_tracking":false,"_monsterinsights_sitenote_active":false,"_monsterinsights_sitenote_note":"","_monsterinsights_sitenote_category":0,"_uf_show_specific_survey":0,"_uf_disable_surveys":false,"_joinchat":[]},"product_brand":[],"product_cat":[33],"product_tag":[],"class_list":{"0":"post-1032","1":"product","2":"type-product","3":"status-publish","4":"has-post-thumbnail","6":"product_cat-plantas-aromaticas","7":"pa_tamano-matera-p14","9":"first","10":"instock","11":"featured","12":"shipping-taxable","13":"purchasable","14":"product-type-simple"},"aioseo_notices":[],"_links":{"self":[{"href":"https:\/\/selvaticoplantshop.com\/index.php\/wp-json\/wp\/v2\/product\/1032","targetHints":{"allow":["GET"]}}],"collection":[{"href":"https:\/\/selvaticoplantshop.com\/index.php\/wp-json\/wp\/v2\/product"}],"about":[{"href":"https:\/\/selvaticoplantshop.com\/index.php\/wp-json\/wp\/v2\/types\/product"}],"replies":[{"embeddable":true,"href":"https:\/\/selvaticoplantshop.com\/index.php\/wp-json\/wp\/v2\/comments?post=1032"}],"wp:featuredmedia":[{"embeddable":true,"href":"https:\/\/selvaticoplantshop.com\/index.php\/wp-json\/wp\/v2\/media\/951"}],"wp:attachment":[{"href":"https:\/\/selvaticoplantshop.com\/index.php\/wp-json\/wp\/v2\/media?parent=1032"}],"wp:term":[{"taxonomy":"product_brand","embeddable":true,"href":"https:\/\/selvaticoplantshop.com\/index.php\/wp-json\/wp\/v2\/product_brand?post=1032"},{"taxonomy":"product_cat","embeddable":true,"href":"https:\/\/selvaticoplantshop.com\/index.php\/wp-json\/wp\/v2\/product_cat?post=1032"},{"taxonomy":"product_tag","embeddable":true,"href":"https:\/\/selvaticoplantshop.com\/index.php\/wp-json\/wp\/v2\/product_tag?post=1032"}],"curies":[{"name":"wp","href":"https:\/\/api.w.org\/{rel}","templated":true}]}}