{"id":1042,"date":"2024-05-29T19:31:42","date_gmt":"2024-05-30T00:31:42","guid":{"rendered":"https:\/\/selvaticoplantshop.com\/?post_type=product&#038;p=1042"},"modified":"2025-07-31T17:27:17","modified_gmt":"2025-07-31T22:27:17","slug":"monstera-deliciosa-o-balazo","status":"publish","type":"product","link":"https:\/\/selvaticoplantshop.com\/index.php\/producto\/monstera-deliciosa-o-balazo\/","title":{"rendered":"Monstera Deliciosa o Balazo"},"content":{"rendered":"<p><strong>Tipo de planta<\/strong>: Trepadora ep\u00edfita<\/p>\n<p><strong>Riego<\/strong>: Moderado. Dejar secar la tierra ligeramente entre riegos. Evitar el encharcamiento.<\/p>\n<p><strong>Luz<\/strong>: Luz indirecta brillante. Puede tolerar poca luz, pero su crecimiento se ver\u00e1 ralentizado.<\/p>\n<p><strong>Humedad<\/strong>: Le gusta la humedad ambiental alta. Puedes aumentar la humedad ambiental rociando sus hojas con agua o colocando la planta sobre una bandeja con guijarros h\u00famedos.<\/p>\n<p><strong>Suelo<\/strong>: Suelo rico en materia org\u00e1nica y bien drenado. Se puede utilizar una mezcla de tierra para macetas, turba y perlita.<\/p>\n<p><strong>Interior o exterior<\/strong>: Se puede cultivar tanto en interiores como en exteriores. En climas templados, puede prosperar en patios o terrazas protegidas del sol directo.<\/p>\n<p><strong>Cuidados<\/strong>:<\/p>\n<p>Proporcionar un soporte para que la planta trepe.<br \/>\nPodar ocasionalmente para controlar su tama\u00f1o y forma.<br \/>\nFertilizar durante la primavera y el verano con un fertilizante l\u00edquido diluido a la mitad de la dosis recomendada.<br \/>\nProteger del fr\u00edo extremo.<\/p>\n","protected":false},"excerpt":{"rendered":"<p>Con sus hojas grandes y llamativas, la Monstera Deliciosa es una planta hermosa que puede agregar un toque de tr\u00f3pico a cualquier hogar. Con un poco de cuidado, esta planta puede prosperar durante muchos a\u00f1os. La Monstera deliciosa, tambi\u00e9n conocida como costilla de Ad\u00e1n o planta de queso, es una planta trepadora originaria de las selvas tropicales de M\u00e9xico y Centroam\u00e9rica. Se caracteriza por sus hojas grandes y en forma de coraz\u00f3n, con m\u00e1rgenes dentados y perforaciones irregulares.<\/p>\n<p>Las hojas pueden alcanzar hasta 1 metro de largo y 50 cm de ancho, y presentan un color verde intenso y brillante.<\/p>\n<p>La Monstera deliciosa es una planta de interior que prospera en ambientes c\u00e1lidos y h\u00famedos.<\/p>\n<p>Es una planta relativamente f\u00e1cil de cuidar, pero requiere de luz indirecta brillante, riego moderado, un suelo bien drenado y un ambiente h\u00famedo.<\/p>\n<p>&nbsp;<\/p>\n","protected":false},"featured_media":981,"comment_status":"closed","ping_status":"closed","template":"","meta":{"om_disable_all_campaigns":false,"_monsterinsights_skip_tracking":false,"_monsterinsights_sitenote_active":false,"_monsterinsights_sitenote_note":"","_monsterinsights_sitenote_category":0,"_uf_show_specific_survey":0,"_uf_disable_surveys":false,"_joinchat":[]},"product_brand":[],"product_cat":[25],"product_tag":[],"class_list":{"0":"post-1042","1":"product","2":"type-product","3":"status-publish","4":"has-post-thumbnail","6":"product_cat-plantas-de-interior","7":"pa_tamano-bolsa-35","9":"first","10":"instock","11":"featured","12":"shipping-taxable","13":"purchasable","14":"product-type-simple"},"aioseo_notices":[],"_links":{"self":[{"href":"https:\/\/selvaticoplantshop.com\/index.php\/wp-json\/wp\/v2\/product\/1042","targetHints":{"allow":["GET"]}}],"collection":[{"href":"https:\/\/selvaticoplantshop.com\/index.php\/wp-json\/wp\/v2\/product"}],"about":[{"href":"https:\/\/selvaticoplantshop.com\/index.php\/wp-json\/wp\/v2\/types\/product"}],"replies":[{"embeddable":true,"href":"https:\/\/selvaticoplantshop.com\/index.php\/wp-json\/wp\/v2\/comments?post=1042"}],"wp:featuredmedia":[{"embeddable":true,"href":"https:\/\/selvaticoplantshop.com\/index.php\/wp-json\/wp\/v2\/media\/981"}],"wp:attachment":[{"href":"https:\/\/selvaticoplantshop.com\/index.php\/wp-json\/wp\/v2\/media?parent=1042"}],"wp:term":[{"taxonomy":"product_brand","embeddable":true,"href":"https:\/\/selvaticoplantshop.com\/index.php\/wp-json\/wp\/v2\/product_brand?post=1042"},{"taxonomy":"product_cat","embeddable":true,"href":"https:\/\/selvaticoplantshop.com\/index.php\/wp-json\/wp\/v2\/product_cat?post=1042"},{"taxonomy":"product_tag","embeddable":true,"href":"https:\/\/selvaticoplantshop.com\/index.php\/wp-json\/wp\/v2\/product_tag?post=1042"}],"curies":[{"name":"wp","href":"https:\/\/api.w.org\/{rel}","templated":true}]}}