{"id":1043,"date":"2024-05-29T19:31:42","date_gmt":"2024-05-30T00:31:42","guid":{"rendered":"https:\/\/selvaticoplantshop.com\/?post_type=product&#038;p=1043"},"modified":"2025-07-31T17:29:05","modified_gmt":"2025-07-31T22:29:05","slug":"oregano","status":"publish","type":"product","link":"https:\/\/selvaticoplantshop.com\/index.php\/producto\/oregano\/","title":{"rendered":"Or\u00e9gano"},"content":{"rendered":"<p><strong>Tipo de planta<\/strong>: Hierba arom\u00e1tica.<\/p>\n<p><strong>Riego<\/strong>:El or\u00e9gano necesita un riego moderado. Es importante dejar que la tierra se seque entre riegos para evitar que se pudran las ra\u00edces.<\/p>\n<p><strong>Luz<\/strong>:El or\u00e9gano necesita pleno sol para prosperar.<\/p>\n<p><strong>Humedad<\/strong>: El or\u00e9gano prefiere un ambiente seco.<\/p>\n<p><strong>Suelo<\/strong>: El or\u00e9gano crece mejor en un suelo bien drenado y arenoso.<\/p>\n<p><strong>Interior o exterior: <\/strong>El or\u00e9gano se puede cultivar tanto en el interior como en el exterior.<\/p>\n<p><strong>Cuidados:<\/strong><\/p>\n<p>Pellizcar: Pellizque las puntas de las ramas con regularidad para fomentar el crecimiento tupido.<br \/>\nPodar: Pode el or\u00e9gano despu\u00e9s de la floraci\u00f3n para mantener su forma y evitar que se vuelva le\u00f1oso.<br \/>\nProteger del fr\u00edo: En climas fr\u00edos, proteja el or\u00e9gano de las heladas.<br \/>\nCosecha: Las hojas de or\u00e9gano se pueden cosechar en cualquier momento durante la temporada de crecimiento.<\/p>\n","protected":false},"excerpt":{"rendered":"<p>El or\u00e9gano es una hierba arom\u00e1tica perenne que pertenece a la familia de las labiadas. Es originaria del Mediterr\u00e1neo y se utiliza ampliamente en la cocina mediterr\u00e1nea.<\/p>\n<p>&nbsp;<\/p>\n","protected":false},"featured_media":983,"comment_status":"closed","ping_status":"closed","template":"","meta":{"om_disable_all_campaigns":false,"_monsterinsights_skip_tracking":false,"_monsterinsights_sitenote_active":false,"_monsterinsights_sitenote_note":"","_monsterinsights_sitenote_category":0,"_uf_show_specific_survey":0,"_uf_disable_surveys":false,"_joinchat":[]},"product_brand":[],"product_cat":[34,33],"product_tag":[],"class_list":{"0":"post-1043","1":"product","2":"type-product","3":"status-publish","4":"has-post-thumbnail","6":"product_cat-aromatica","7":"product_cat-plantas-aromaticas","8":"pa_tamano-matera-p10","10":"first","11":"instock","12":"featured","13":"shipping-taxable","14":"purchasable","15":"product-type-simple"},"aioseo_notices":[],"_links":{"self":[{"href":"https:\/\/selvaticoplantshop.com\/index.php\/wp-json\/wp\/v2\/product\/1043","targetHints":{"allow":["GET"]}}],"collection":[{"href":"https:\/\/selvaticoplantshop.com\/index.php\/wp-json\/wp\/v2\/product"}],"about":[{"href":"https:\/\/selvaticoplantshop.com\/index.php\/wp-json\/wp\/v2\/types\/product"}],"replies":[{"embeddable":true,"href":"https:\/\/selvaticoplantshop.com\/index.php\/wp-json\/wp\/v2\/comments?post=1043"}],"wp:featuredmedia":[{"embeddable":true,"href":"https:\/\/selvaticoplantshop.com\/index.php\/wp-json\/wp\/v2\/media\/983"}],"wp:attachment":[{"href":"https:\/\/selvaticoplantshop.com\/index.php\/wp-json\/wp\/v2\/media?parent=1043"}],"wp:term":[{"taxonomy":"product_brand","embeddable":true,"href":"https:\/\/selvaticoplantshop.com\/index.php\/wp-json\/wp\/v2\/product_brand?post=1043"},{"taxonomy":"product_cat","embeddable":true,"href":"https:\/\/selvaticoplantshop.com\/index.php\/wp-json\/wp\/v2\/product_cat?post=1043"},{"taxonomy":"product_tag","embeddable":true,"href":"https:\/\/selvaticoplantshop.com\/index.php\/wp-json\/wp\/v2\/product_tag?post=1043"}],"curies":[{"name":"wp","href":"https:\/\/api.w.org\/{rel}","templated":true}]}}