{"id":1049,"date":"2024-05-29T19:31:43","date_gmt":"2024-05-30T00:31:43","guid":{"rendered":"https:\/\/selvaticoplantshop.com\/?post_type=product&#038;p=1049"},"modified":"2025-02-04T11:32:16","modified_gmt":"2025-02-04T16:32:16","slug":"terrario-matera-cemento-grande","status":"publish","type":"product","link":"https:\/\/selvaticoplantshop.com\/index.php\/producto\/terrario-matera-cemento-grande\/","title":{"rendered":"Terrario Matera Cemento Grande"},"content":{"rendered":"<p>Un terrario es un ecosistema cerrado y controlado que recrea las condiciones ambientales de un h\u00e1bitat natural espec\u00edfico. Se utiliza para cultivar plantas, criar animales peque\u00f1os o ambas cosas. Los terrarios pueden ser de diferentes tama\u00f1os y formas, y pueden estar hechos de diversos materiales, como vidrio, pl\u00e1stico o acr\u00edlico.<\/p>\n","protected":false},"excerpt":{"rendered":"<p>Este terrario est\u00e1 compuesto por 3 cact\u00fas y una suculenta, con decoraci\u00f3n de piedras peque\u00f1as y grandes<\/p>\n","protected":false},"featured_media":1001,"comment_status":"closed","ping_status":"closed","template":"","meta":{"om_disable_all_campaigns":false,"_monsterinsights_skip_tracking":false,"_monsterinsights_sitenote_active":false,"_monsterinsights_sitenote_note":"","_monsterinsights_sitenote_category":0,"_uf_show_specific_survey":0,"_uf_disable_surveys":false,"_joinchat":[]},"product_brand":[],"product_cat":[74],"product_tag":[],"class_list":{"0":"post-1049","1":"product","2":"type-product","3":"status-publish","4":"has-post-thumbnail","6":"product_cat-terrarios","7":"pa_tamano-grande","9":"first","10":"instock","11":"featured","12":"shipping-taxable","13":"purchasable","14":"product-type-simple"},"aioseo_notices":[],"_links":{"self":[{"href":"https:\/\/selvaticoplantshop.com\/index.php\/wp-json\/wp\/v2\/product\/1049","targetHints":{"allow":["GET"]}}],"collection":[{"href":"https:\/\/selvaticoplantshop.com\/index.php\/wp-json\/wp\/v2\/product"}],"about":[{"href":"https:\/\/selvaticoplantshop.com\/index.php\/wp-json\/wp\/v2\/types\/product"}],"replies":[{"embeddable":true,"href":"https:\/\/selvaticoplantshop.com\/index.php\/wp-json\/wp\/v2\/comments?post=1049"}],"wp:featuredmedia":[{"embeddable":true,"href":"https:\/\/selvaticoplantshop.com\/index.php\/wp-json\/wp\/v2\/media\/1001"}],"wp:attachment":[{"href":"https:\/\/selvaticoplantshop.com\/index.php\/wp-json\/wp\/v2\/media?parent=1049"}],"wp:term":[{"taxonomy":"product_brand","embeddable":true,"href":"https:\/\/selvaticoplantshop.com\/index.php\/wp-json\/wp\/v2\/product_brand?post=1049"},{"taxonomy":"product_cat","embeddable":true,"href":"https:\/\/selvaticoplantshop.com\/index.php\/wp-json\/wp\/v2\/product_cat?post=1049"},{"taxonomy":"product_tag","embeddable":true,"href":"https:\/\/selvaticoplantshop.com\/index.php\/wp-json\/wp\/v2\/product_tag?post=1049"}],"curies":[{"name":"wp","href":"https:\/\/api.w.org\/{rel}","templated":true}]}}