{"id":1186,"date":"2024-08-03T17:56:30","date_gmt":"2024-08-03T22:56:30","guid":{"rendered":"https:\/\/selvaticoplantshop.com\/?post_type=product&#038;p=1186"},"modified":"2025-07-31T17:23:49","modified_gmt":"2025-07-31T22:23:49","slug":"filodendro-white-princess","status":"publish","type":"product","link":"https:\/\/selvaticoplantshop.com\/index.php\/producto\/filodendro-white-princess\/","title":{"rendered":"Filodendro White Princess"},"content":{"rendered":"<ul>\n<li data-sourcepos=\"9:1-9:66\"><strong>Luz:<\/strong> Prefiere la luz indirecta brillante. Evita la luz solar directa, ya que puede quemar sus hojas. Un lugar cerca de una ventana orientada al este o al oeste es ideal.<\/li>\n<li data-sourcepos=\"10:1-10:203\"><strong>Riego:<\/strong> El riego debe ser moderado. Espera a que la capa superior del sustrato se seque ligeramente antes de volver a regar. Evita encharcamientos, ya que pueden provocar la pudrici\u00f3n de las ra\u00edces.<\/li>\n<li data-sourcepos=\"11:1-11:178\"><strong>Humedad:<\/strong> Al ser una planta tropical, aprecia ambientes h\u00famedos. Puedes aumentar la humedad ambiental rociando sus hojas regularmente con agua o utilizando un humidificador.<\/li>\n<li data-sourcepos=\"12:1-12:71\"><strong>Temperatura:<\/strong> Se desarrolla mejor en temperaturas c\u00e1lidas, entre 18 y 27\u00b0C. Evita las corrientes de aire fr\u00edo.<\/li>\n<li data-sourcepos=\"13:1-13:201\"><strong>Sustrato:<\/strong> Utiliza un sustrato bien drenado y rico en materia org\u00e1nica. Puedes utilizar una mezcla comercial para plantas de interior o crear tu propia mezcla con turba, perlita y corteza de pino.<\/li>\n<li data-sourcepos=\"14:1-14:171\"><strong>Fertilizante:<\/strong> Aplica un fertilizante l\u00edquido balanceado cada 2-3 semanas durante la primavera y el verano. Reduce la frecuencia de fertilizaci\u00f3n en oto\u00f1o e invierno.<\/li>\n<li data-sourcepos=\"15:1-15:187\"><strong>Poda:<\/strong> Puedes podar las hojas amarillentas o da\u00f1adas para mantener un aspecto saludable. Tambi\u00e9n puedes podar los tallos para estimular la ramificaci\u00f3n y un crecimiento m\u00e1s compacto.<\/li>\n<li data-sourcepos=\"16:1-17:0\"><strong>Soporte:<\/strong> Proporciona un tutor o enrejado para que la planta se pueda trepar y crecer de forma vertical.<\/li>\n<\/ul>\n","protected":false},"excerpt":{"rendered":"<p>El filodendro White Princess es una variedad de filodendro que destaca por sus hojas grandes y brillantes, con una combinaci\u00f3n \u00fanica de verde intenso y manchas blancas cremosas. Es una planta trepadora que puede alcanzar un tama\u00f1o considerable si se le proporciona un soporte adecuado.<\/p>\n<p>&nbsp;<\/p>\n","protected":false},"featured_media":1189,"comment_status":"open","ping_status":"closed","template":"","meta":{"om_disable_all_campaigns":false,"_monsterinsights_skip_tracking":false,"_monsterinsights_sitenote_active":false,"_monsterinsights_sitenote_note":"","_monsterinsights_sitenote_category":0,"_uf_show_specific_survey":0,"_uf_disable_surveys":false,"_joinchat":[]},"product_brand":[],"product_cat":[18],"product_tag":[],"class_list":{"0":"post-1186","1":"product","2":"type-product","3":"status-publish","4":"has-post-thumbnail","6":"product_cat-plantas","8":"first","9":"instock","10":"shipping-taxable","11":"purchasable","12":"product-type-simple"},"aioseo_notices":[],"_links":{"self":[{"href":"https:\/\/selvaticoplantshop.com\/index.php\/wp-json\/wp\/v2\/product\/1186","targetHints":{"allow":["GET"]}}],"collection":[{"href":"https:\/\/selvaticoplantshop.com\/index.php\/wp-json\/wp\/v2\/product"}],"about":[{"href":"https:\/\/selvaticoplantshop.com\/index.php\/wp-json\/wp\/v2\/types\/product"}],"replies":[{"embeddable":true,"href":"https:\/\/selvaticoplantshop.com\/index.php\/wp-json\/wp\/v2\/comments?post=1186"}],"wp:featuredmedia":[{"embeddable":true,"href":"https:\/\/selvaticoplantshop.com\/index.php\/wp-json\/wp\/v2\/media\/1189"}],"wp:attachment":[{"href":"https:\/\/selvaticoplantshop.com\/index.php\/wp-json\/wp\/v2\/media?parent=1186"}],"wp:term":[{"taxonomy":"product_brand","embeddable":true,"href":"https:\/\/selvaticoplantshop.com\/index.php\/wp-json\/wp\/v2\/product_brand?post=1186"},{"taxonomy":"product_cat","embeddable":true,"href":"https:\/\/selvaticoplantshop.com\/index.php\/wp-json\/wp\/v2\/product_cat?post=1186"},{"taxonomy":"product_tag","embeddable":true,"href":"https:\/\/selvaticoplantshop.com\/index.php\/wp-json\/wp\/v2\/product_tag?post=1186"}],"curies":[{"name":"wp","href":"https:\/\/api.w.org\/{rel}","templated":true}]}}