{"id":1192,"date":"2024-08-04T14:20:15","date_gmt":"2024-08-04T19:20:15","guid":{"rendered":"https:\/\/selvaticoplantshop.com\/?post_type=product&#038;p=1192"},"modified":"2025-07-31T17:23:16","modified_gmt":"2025-07-31T22:23:16","slug":"pescadito-o-nematanthus-gregarius","status":"publish","type":"product","link":"https:\/\/selvaticoplantshop.com\/index.php\/producto\/pescadito-o-nematanthus-gregarius\/","title":{"rendered":"Pescadito o Nematanthus gregarius"},"content":{"rendered":"<ul data-sourcepos=\"9:1-16:0\">\n<li data-sourcepos=\"9:1-9:116\"><strong>Luz:<\/strong> Prefiere la luz indirecta brillante. Evita exponerla al sol directo, <span class=\"citation-0\">ya que puede quemar sus hojas.<\/span><\/li>\n<li data-sourcepos=\"10:1-10:144\"><strong><span class=\"citation-0\">Riego:<\/span><\/strong><span class=\"citation-0 citation-end-0\"> Riega moderadamente, permitiendo que la tierra se seque ligeramente entre riegos. El exceso de agua puede pudrir sus ra\u00edces.<\/span><span class=\"button-container ng-star-inserted\"> \u00a0<button class=\"mat-mdc-tooltip-trigger button image-fade-on hide-from-message-actions\" aria-controls=\"sources\" aria-expanded=\"false\" aria-describedby=\"cdk-describedby-message-ng-1-28\"><\/button><\/span>\n<div class=\"container\">\n<div class=\"carousel-container ng-star-inserted\">\n<div class=\"carousel-content\">\n<div class=\"sources-carousel-source hide ng-star-inserted\" data-test-id=\"sources-carousel-source\">\n<div class=\"source-card-container\">\n<div class=\"source-card-content\">\n<div class=\"source-card-body\">\n<div class=\"source-card-header\"><\/div>\n<\/div>\n<\/div>\n<\/div>\n<\/div>\n<\/div>\n<\/div>\n<\/div>\n<p><strong>Humedad:<\/strong> Le gusta un ambiente h\u00famedo. Puedes aumentar la humedad ambiental rociando sus hojas con agua regularmente o colocando la maceta sobre una bandeja con piedras h\u00famedas.<\/li>\n<li data-sourcepos=\"12:1-12:102\"><strong>Temperatura:<\/strong> La temperatura ideal est\u00e1 entre los 18\u00b0C y 24\u00b0C. Evita las corrientes de aire fr\u00edo.<\/li>\n<li data-sourcepos=\"13:1-13:76\"><strong>Sustrato:<\/strong> Utiliza un sustrato bien drenado y rico en materia org\u00e1nica.<\/li>\n<li data-sourcepos=\"14:1-14:125\"><strong>Fertilizante:<\/strong> Aplica un fertilizante l\u00edquido para plantas de floraci\u00f3n una vez al mes durante la primavera y el verano.<\/li>\n<li data-sourcepos=\"15:1-16:0\"><strong>Poda:<\/strong> Puedes podar la planta despu\u00e9s de la floraci\u00f3n para mantener su forma y estimular el crecimiento de nuevos brotes.<\/li>\n<\/ul>\n<p data-sourcepos=\"17:1-17:25\"><strong>Consejos adicionales:<\/strong><\/p>\n<ul data-sourcepos=\"19:1-22:0\">\n<li data-sourcepos=\"19:1-19:143\"><strong>Floraci\u00f3n:<\/strong> Para estimular la floraci\u00f3n, proporciona a la planta suficiente luz y fertiliza regularmente durante la primavera y el verano.<\/li>\n<li data-sourcepos=\"20:1-20:170\"><strong>Plagas y enfermedades:<\/strong> Las plagas m\u00e1s comunes que afectan al Nematanthus gregarius son la cochinilla y la ara\u00f1a roja. Puedes tratarlas con insecticidas espec\u00edficos.<\/li>\n<li data-sourcepos=\"21:1-22:0\"><strong>Trasplante:<\/strong> Trasplanta la planta cada dos a\u00f1os a una maceta ligeramente m\u00e1s grande.<\/li>\n<\/ul>\n","protected":false},"excerpt":{"rendered":"<p>El Nematanthus gregarius es una planta colgante muy popular por sus flores en forma de peque\u00f1os peces, de ah\u00ed su nombre com\u00fan. Sus hojas son carnosas y de color verde oscuro, y sus flores pueden ser de varios colores, como rojo, naranja o amarillo. Es una planta relativamente peque\u00f1a y compacta, lo que la hace ideal para macetas colgantes o peque\u00f1as jardineras.<\/p>\n<p>&nbsp;<\/p>\n","protected":false},"featured_media":1193,"comment_status":"open","ping_status":"closed","template":"","meta":{"om_disable_all_campaigns":false,"_monsterinsights_skip_tracking":false,"_monsterinsights_sitenote_active":false,"_monsterinsights_sitenote_note":"","_monsterinsights_sitenote_category":0,"_uf_show_specific_survey":0,"_uf_disable_surveys":false,"_joinchat":[]},"product_brand":[],"product_cat":[18],"product_tag":[],"class_list":{"0":"post-1192","1":"product","2":"type-product","3":"status-publish","4":"has-post-thumbnail","6":"product_cat-plantas","8":"first","9":"instock","10":"shipping-taxable","11":"purchasable","12":"product-type-simple"},"aioseo_notices":[],"_links":{"self":[{"href":"https:\/\/selvaticoplantshop.com\/index.php\/wp-json\/wp\/v2\/product\/1192","targetHints":{"allow":["GET"]}}],"collection":[{"href":"https:\/\/selvaticoplantshop.com\/index.php\/wp-json\/wp\/v2\/product"}],"about":[{"href":"https:\/\/selvaticoplantshop.com\/index.php\/wp-json\/wp\/v2\/types\/product"}],"replies":[{"embeddable":true,"href":"https:\/\/selvaticoplantshop.com\/index.php\/wp-json\/wp\/v2\/comments?post=1192"}],"wp:featuredmedia":[{"embeddable":true,"href":"https:\/\/selvaticoplantshop.com\/index.php\/wp-json\/wp\/v2\/media\/1193"}],"wp:attachment":[{"href":"https:\/\/selvaticoplantshop.com\/index.php\/wp-json\/wp\/v2\/media?parent=1192"}],"wp:term":[{"taxonomy":"product_brand","embeddable":true,"href":"https:\/\/selvaticoplantshop.com\/index.php\/wp-json\/wp\/v2\/product_brand?post=1192"},{"taxonomy":"product_cat","embeddable":true,"href":"https:\/\/selvaticoplantshop.com\/index.php\/wp-json\/wp\/v2\/product_cat?post=1192"},{"taxonomy":"product_tag","embeddable":true,"href":"https:\/\/selvaticoplantshop.com\/index.php\/wp-json\/wp\/v2\/product_tag?post=1192"}],"curies":[{"name":"wp","href":"https:\/\/api.w.org\/{rel}","templated":true}]}}