{"id":1208,"date":"2024-08-04T14:46:03","date_gmt":"2024-08-04T19:46:03","guid":{"rendered":"https:\/\/selvaticoplantshop.com\/?post_type=product&#038;p=1208"},"modified":"2025-07-31T17:20:39","modified_gmt":"2025-07-31T22:20:39","slug":"fosforito-o-cuphea-ignea","status":"publish","type":"product","link":"https:\/\/selvaticoplantshop.com\/index.php\/producto\/fosforito-o-cuphea-ignea\/","title":{"rendered":"Fosforito o Cuphea Ignea"},"content":{"rendered":"<ul>\n<li data-sourcepos=\"9:1-9:155\"><strong>Luz:<\/strong> Prefiere lugares soleados o de semisombra. Una exposici\u00f3n de al menos 6 horas de luz solar directa al d\u00eda es ideal para una floraci\u00f3n abundante.<\/li>\n<li data-sourcepos=\"10:1-10:137\"><strong>Riego:<\/strong> El riego debe ser moderado, evitando encharcamientos. Es importante dejar que el sustrato se seque ligeramente entre riegos.<\/li>\n<li data-sourcepos=\"11:1-11:76\"><strong>Sustrato:<\/strong> Utiliza un sustrato bien drenado y rico en materia org\u00e1nica.<\/li>\n<li data-sourcepos=\"12:1-12:90\"><strong>Temperatura:<\/strong> Tolera una amplia gama de temperaturas, pero es sensible a las heladas.<\/li>\n<li data-sourcepos=\"13:1-13:94\"><strong>Poda:<\/strong> Realiza podas regulares para mantener la planta compacta y estimular la floraci\u00f3n.<\/li>\n<li data-sourcepos=\"14:1-15:0\"><strong>Fertilizaci\u00f3n:<\/strong> Aplica un fertilizante l\u00edquido para plantas con flores cada 15 d\u00edas durante la \u00e9poca de crecimiento.<\/li>\n<\/ul>\n","protected":false},"excerpt":{"rendered":"<p>La Cuphea ignea es un arbusto peque\u00f1o y compacto, originario de M\u00e9xico, que puede alcanzar hasta 60 cm de altura. Sus hojas son peque\u00f1as y de color verde oscuro. Lo m\u00e1s caracter\u00edstico de esta planta son sus flores tubulares, de color rojo brillante, que atraen a colibr\u00edes y mariposas.<\/p>\n<p>&nbsp;<\/p>\n","protected":false},"featured_media":1209,"comment_status":"open","ping_status":"closed","template":"","meta":{"om_disable_all_campaigns":false,"_monsterinsights_skip_tracking":false,"_monsterinsights_sitenote_active":false,"_monsterinsights_sitenote_note":"","_monsterinsights_sitenote_category":0,"_uf_show_specific_survey":0,"_uf_disable_surveys":false,"_joinchat":[]},"product_brand":[],"product_cat":[18],"product_tag":[],"class_list":{"0":"post-1208","1":"product","2":"type-product","3":"status-publish","4":"has-post-thumbnail","6":"product_cat-plantas","8":"first","9":"instock","10":"shipping-taxable","11":"purchasable","12":"product-type-simple"},"aioseo_notices":[],"_links":{"self":[{"href":"https:\/\/selvaticoplantshop.com\/index.php\/wp-json\/wp\/v2\/product\/1208","targetHints":{"allow":["GET"]}}],"collection":[{"href":"https:\/\/selvaticoplantshop.com\/index.php\/wp-json\/wp\/v2\/product"}],"about":[{"href":"https:\/\/selvaticoplantshop.com\/index.php\/wp-json\/wp\/v2\/types\/product"}],"replies":[{"embeddable":true,"href":"https:\/\/selvaticoplantshop.com\/index.php\/wp-json\/wp\/v2\/comments?post=1208"}],"wp:featuredmedia":[{"embeddable":true,"href":"https:\/\/selvaticoplantshop.com\/index.php\/wp-json\/wp\/v2\/media\/1209"}],"wp:attachment":[{"href":"https:\/\/selvaticoplantshop.com\/index.php\/wp-json\/wp\/v2\/media?parent=1208"}],"wp:term":[{"taxonomy":"product_brand","embeddable":true,"href":"https:\/\/selvaticoplantshop.com\/index.php\/wp-json\/wp\/v2\/product_brand?post=1208"},{"taxonomy":"product_cat","embeddable":true,"href":"https:\/\/selvaticoplantshop.com\/index.php\/wp-json\/wp\/v2\/product_cat?post=1208"},{"taxonomy":"product_tag","embeddable":true,"href":"https:\/\/selvaticoplantshop.com\/index.php\/wp-json\/wp\/v2\/product_tag?post=1208"}],"curies":[{"name":"wp","href":"https:\/\/api.w.org\/{rel}","templated":true}]}}