{"id":1224,"date":"2024-10-28T14:26:39","date_gmt":"2024-10-28T19:26:39","guid":{"rendered":"https:\/\/selvaticoplantshop.com\/?post_type=product&#038;p=1224"},"modified":"2025-11-01T19:45:25","modified_gmt":"2025-11-02T00:45:25","slug":"afelandra-white","status":"publish","type":"product","link":"https:\/\/selvaticoplantshop.com\/index.php\/producto\/afelandra-white\/","title":{"rendered":"Afelandra White"},"content":{"rendered":"<h3 data-sourcepos=\"14:1-14:12\">Cuidados<\/h3>\n<ul data-sourcepos=\"15:1-22:0\">\n<li data-sourcepos=\"15:1-15:106\"><strong>Luz:<\/strong> Prefiere la luz indirecta brillante. Evita la luz solar directa, ya que puede quemar sus hojas.<\/li>\n<li data-sourcepos=\"16:1-16:91\"><strong>Temperatura:<\/strong> Le gusta un ambiente c\u00e1lido y h\u00famedo, con temperaturas entre 18 y 24 \u00b0C.<\/li>\n<li data-sourcepos=\"17:1-17:150\"><strong>Riego:<\/strong> El suelo debe mantenerse ligeramente h\u00famedo, pero evita el encharcamiento. Riega cuando la capa superior del sustrato est\u00e9 seca al tacto.<\/li>\n<li data-sourcepos=\"18:1-18:181\"><strong>Humedad:<\/strong> Necesita alta humedad ambiental. Puedes utilizar un humidificador, colocar la maceta sobre una bandeja con guijarros y agua, o rociar las hojas con agua regularmente.<\/li>\n<li data-sourcepos=\"19:1-19:76\"><strong>Sustrato:<\/strong> Utiliza un sustrato bien drenado y rico en materia org\u00e1nica.<\/li>\n<li data-sourcepos=\"20:1-20:109\"><strong>Fertilizante:<\/strong> Aplica un fertilizante l\u00edquido diluido cada 2-3 semanas durante la primavera y el verano.<\/li>\n<li data-sourcepos=\"21:1-22:0\"><strong>Poda:<\/strong> Retira las hojas secas o da\u00f1adas y poda las flores marchitas para estimular el crecimiento de nuevas.<\/li>\n<\/ul>\n<h3 data-sourcepos=\"8:1-8:21\">Problemas comunes<\/h3>\n<ul data-sourcepos=\"9:1-13:0\">\n<li data-sourcepos=\"9:1-9:109\"><strong>Hojas amarillentas:<\/strong> Pueden ser causadas por exceso de riego, falta de luz, bajas temperaturas o plagas.<\/li>\n<li data-sourcepos=\"10:1-10:70\"><strong>Puntas marrones:<\/strong> Indican aire seco o falta de humedad ambiental.<\/li>\n<li data-sourcepos=\"11:1-11:106\"><strong>Plagas:<\/strong> Las cochinillas, \u00e1caros y mosca blanca son plagas comunes que pueden afectar a la Afelandra.<\/li>\n<li data-sourcepos=\"12:1-13:0\"><strong>Ca\u00edda de hojas:<\/strong> Puede ocurrir por cambios bruscos de temperatura, corrientes de aire fr\u00edo o falta de riego.<\/li>\n<\/ul>\n","protected":false},"excerpt":{"rendered":"<p data-sourcepos=\"14:1-14:12\">La Afelandra White es una planta tropical originaria de Brasil. Destaca por sus hojas grandes, ovaladas y de un intenso color verde oscuro, adornadas por prominentes venas blancas que le dan ese aspecto caracter\u00edstico. Durante la floraci\u00f3n, produce espigas de flores tubulares, generalmente de color amarillo o naranja, que surgen de br\u00e1cteas blancas.<\/p>\n<p>&nbsp;<\/p>\n","protected":false},"featured_media":1228,"comment_status":"open","ping_status":"closed","template":"","meta":{"om_disable_all_campaigns":false,"_monsterinsights_skip_tracking":false,"_monsterinsights_sitenote_active":false,"_monsterinsights_sitenote_note":"","_monsterinsights_sitenote_category":0,"_uf_show_specific_survey":0,"_uf_disable_surveys":false,"_joinchat":[]},"product_brand":[],"product_cat":[25],"product_tag":[],"class_list":{"0":"post-1224","1":"product","2":"type-product","3":"status-publish","4":"has-post-thumbnail","6":"product_cat-plantas-de-interior","8":"first","9":"instock","10":"shipping-taxable","11":"purchasable","12":"product-type-simple"},"aioseo_notices":[],"_links":{"self":[{"href":"https:\/\/selvaticoplantshop.com\/index.php\/wp-json\/wp\/v2\/product\/1224","targetHints":{"allow":["GET"]}}],"collection":[{"href":"https:\/\/selvaticoplantshop.com\/index.php\/wp-json\/wp\/v2\/product"}],"about":[{"href":"https:\/\/selvaticoplantshop.com\/index.php\/wp-json\/wp\/v2\/types\/product"}],"replies":[{"embeddable":true,"href":"https:\/\/selvaticoplantshop.com\/index.php\/wp-json\/wp\/v2\/comments?post=1224"}],"wp:featuredmedia":[{"embeddable":true,"href":"https:\/\/selvaticoplantshop.com\/index.php\/wp-json\/wp\/v2\/media\/1228"}],"wp:attachment":[{"href":"https:\/\/selvaticoplantshop.com\/index.php\/wp-json\/wp\/v2\/media?parent=1224"}],"wp:term":[{"taxonomy":"product_brand","embeddable":true,"href":"https:\/\/selvaticoplantshop.com\/index.php\/wp-json\/wp\/v2\/product_brand?post=1224"},{"taxonomy":"product_cat","embeddable":true,"href":"https:\/\/selvaticoplantshop.com\/index.php\/wp-json\/wp\/v2\/product_cat?post=1224"},{"taxonomy":"product_tag","embeddable":true,"href":"https:\/\/selvaticoplantshop.com\/index.php\/wp-json\/wp\/v2\/product_tag?post=1224"}],"curies":[{"name":"wp","href":"https:\/\/api.w.org\/{rel}","templated":true}]}}