{"id":1250,"date":"2024-10-28T16:40:00","date_gmt":"2024-10-28T21:40:00","guid":{"rendered":"https:\/\/selvaticoplantshop.com\/?post_type=product&#038;p=1250"},"modified":"2026-05-02T15:44:17","modified_gmt":"2026-05-02T20:44:17","slug":"fuchsia-o-zarcillo","status":"publish","type":"product","link":"https:\/\/selvaticoplantshop.com\/index.php\/producto\/fuchsia-o-zarcillo\/","title":{"rendered":"Fuchsia o Zarcillo"},"content":{"rendered":"<p data-sourcepos=\"26:1-26:13\"><strong>Cuidados:<\/strong><\/p>\n<ul data-sourcepos=\"28:1-35:0\">\n<li data-sourcepos=\"28:1-28:91\"><strong>Luz:<\/strong> Prefiere la luz brillante pero indirecta. El sol directo puede quemar las hojas.<\/li>\n<li data-sourcepos=\"29:1-29:110\"><strong>Temperatura:<\/strong> Le gustan las temperaturas moderadas, entre 15 y 25\u00b0C. Tolera el fr\u00edo, pero no las heladas.<\/li>\n<li data-sourcepos=\"30:1-30:109\"><strong>Riego:<\/strong> El suelo debe mantenerse h\u00famedo pero no encharcado. Riega regularmente, especialmente en verano.<\/li>\n<li data-sourcepos=\"31:1-31:93\"><strong>Humedad:<\/strong> Aprecia un ambiente h\u00famedo. Puedes pulverizar las hojas con agua regularmente.<\/li>\n<li data-sourcepos=\"32:1-32:73\"><strong>Suelo:<\/strong> Utiliza un sustrato rico en materia org\u00e1nica y bien drenado.<\/li>\n<li data-sourcepos=\"33:1-33:78\"><strong>Poda:<\/strong> Poda regularmente para mantener su forma y estimular la floraci\u00f3n.<\/li>\n<li data-sourcepos=\"34:1-35:0\"><strong>Fertilizante:<\/strong> Aplica un fertilizante l\u00edquido para plantas con flores cada 15 d\u00edas durante la \u00e9poca de crecimiento.<\/li>\n<\/ul>\n<p data-sourcepos=\"10:1-10:36\"><strong>Problemas comunes de la Fuchsia:<\/strong><\/p>\n<ul data-sourcepos=\"12:1-16:0\">\n<li data-sourcepos=\"12:1-12:143\"><strong>Plagas:<\/strong> Son susceptibles a pulgones, \u00e1fidos y ara\u00f1as rojas. Estos insectos pueden debilitar la planta y afectar la calidad de sus flores.<\/li>\n<li data-sourcepos=\"13:1-13:149\"><strong>Enfermedades:<\/strong> Las fuchsias pueden sufrir de enfermedades f\u00fangicas como el o\u00eddio y la botritis, especialmente en condiciones de humedad elevada.<\/li>\n<li data-sourcepos=\"14:1-14:87\"><strong>Clorosis:<\/strong> Un amarillamiento de las hojas puede indicar una deficiencia de hierro.<\/li>\n<li data-sourcepos=\"15:1-16:0\"><strong>Ca\u00edda de hojas:<\/strong> Puede ser causada por cambios bruscos de temperatura, riego excesivo o falta de luz.<\/li>\n<\/ul>\n","protected":false},"excerpt":{"rendered":"<p data-sourcepos=\"26:1-26:13\">La Fuchsia, o Zarcillo, es una planta de flor muy apreciada por sus hermosas y colgantes flores tubulares. Son arbustos o matas, generalmente de porte colgante, aunque existen variedades erectas. Sus hojas suelen ser ovaladas y de color verde intenso. Lo m\u00e1s caracter\u00edstico son sus flores, que pueden ser solitarias o en racimos colgantes, y presentan una amplia gama de colores, desde el rojo intenso hasta el blanco, pasando por el rosa, p\u00farpura y combinaciones de estos.<\/p>\n<p data-sourcepos=\"26:1-26:13\">\n<p>&nbsp;<\/p>\n","protected":false},"featured_media":1251,"comment_status":"open","ping_status":"closed","template":"","meta":{"om_disable_all_campaigns":false,"_monsterinsights_skip_tracking":false,"_monsterinsights_sitenote_active":false,"_monsterinsights_sitenote_note":"","_monsterinsights_sitenote_category":0,"_uf_show_specific_survey":0,"_uf_disable_surveys":false,"_joinchat":[]},"product_brand":[],"product_cat":[18],"product_tag":[],"class_list":{"0":"post-1250","1":"product","2":"type-product","3":"status-publish","4":"has-post-thumbnail","6":"product_cat-plantas","8":"first","9":"instock","10":"shipping-taxable","11":"purchasable","12":"product-type-simple"},"aioseo_notices":[],"_links":{"self":[{"href":"https:\/\/selvaticoplantshop.com\/index.php\/wp-json\/wp\/v2\/product\/1250","targetHints":{"allow":["GET"]}}],"collection":[{"href":"https:\/\/selvaticoplantshop.com\/index.php\/wp-json\/wp\/v2\/product"}],"about":[{"href":"https:\/\/selvaticoplantshop.com\/index.php\/wp-json\/wp\/v2\/types\/product"}],"replies":[{"embeddable":true,"href":"https:\/\/selvaticoplantshop.com\/index.php\/wp-json\/wp\/v2\/comments?post=1250"}],"wp:featuredmedia":[{"embeddable":true,"href":"https:\/\/selvaticoplantshop.com\/index.php\/wp-json\/wp\/v2\/media\/1251"}],"wp:attachment":[{"href":"https:\/\/selvaticoplantshop.com\/index.php\/wp-json\/wp\/v2\/media?parent=1250"}],"wp:term":[{"taxonomy":"product_brand","embeddable":true,"href":"https:\/\/selvaticoplantshop.com\/index.php\/wp-json\/wp\/v2\/product_brand?post=1250"},{"taxonomy":"product_cat","embeddable":true,"href":"https:\/\/selvaticoplantshop.com\/index.php\/wp-json\/wp\/v2\/product_cat?post=1250"},{"taxonomy":"product_tag","embeddable":true,"href":"https:\/\/selvaticoplantshop.com\/index.php\/wp-json\/wp\/v2\/product_tag?post=1250"}],"curies":[{"name":"wp","href":"https:\/\/api.w.org\/{rel}","templated":true}]}}