{"id":1259,"date":"2024-10-28T16:53:29","date_gmt":"2024-10-28T21:53:29","guid":{"rendered":"https:\/\/selvaticoplantshop.com\/?post_type=product&#038;p=1259"},"modified":"2026-04-27T17:08:30","modified_gmt":"2026-04-27T22:08:30","slug":"kokedama-jade-hembra","status":"publish","type":"product","link":"https:\/\/selvaticoplantshop.com\/index.php\/producto\/kokedama-jade-hembra\/","title":{"rendered":"Kokedama Jade Hembra"},"content":{"rendered":"<p>La Crassula ovata es una planta suculenta de crecimiento lento, originaria de Sud\u00e1frica. Se caracteriza por sus hojas carnosas y redondeadas de color verde brillante, a veces con tonalidades rojizas en los bordes. Estas hojas almacenan agua, lo que le permite sobrevivir en condiciones de sequ\u00eda. En su h\u00e1bitat natural puede alcanzar varios metros de altura, pero como planta de interior se mantiene de menor tama\u00f1o.<\/p>\n<p data-sourcepos=\"3:1-3:237\">Una Kokedama es una t\u00e9cnica japonesa de cultivo en la que las ra\u00edces de una planta est\u00e1n envueltas en una bola de musgo y sustrato. La planta que se utiliza para crear la Kokedama s\u00ed tiene un nombre cient\u00edfico, pero la Kokedama en s\u00ed no.<\/p>\n<p data-sourcepos=\"5:1-5:280\">\n","protected":false},"excerpt":{"rendered":"<p data-sourcepos=\"12:1-12:43\"><strong>Cuidados de la Kokedama de Jade Hembra:<\/strong><\/p>\n<ul data-sourcepos=\"14:1-20:0\">\n<li data-sourcepos=\"14:1-14:136\"><strong>Luz:<\/strong> Necesita mucha luz indirecta. Tolera el sol directo, pero evita las horas centrales del d\u00eda en verano para evitar quemaduras.<\/li>\n<li data-sourcepos=\"15:1-15:161\"><strong>Riego:<\/strong> Al ser una suculenta, almacena agua en sus hojas. Riega cuando la bola de musgo est\u00e9 completamente seca, sumergi\u00e9ndola en agua durante unos minutos.<\/li>\n<li data-sourcepos=\"16:1-16:51\"><strong>Humedad:<\/strong> No requiere mucha humedad ambiental.<\/li>\n<li data-sourcepos=\"17:1-17:107\"><strong>Sustrato:<\/strong> El sustrato utilizado en el kokedama debe ser espec\u00edfico para suculentas, con buen drenaje.<\/li>\n<li data-sourcepos=\"18:1-18:96\"><strong>Temperatura:<\/strong> Se adapta a una amplia gama de temperaturas, pero prefiere ambientes c\u00e1lidos.<\/li>\n<li data-sourcepos=\"19:1-20:0\"><strong>Fertilizante:<\/strong> Aplica un fertilizante l\u00edquido para cactus y suculentas diluido una vez al mes durante la primavera y el verano.<\/li>\n<\/ul>\n","protected":false},"featured_media":1261,"comment_status":"open","ping_status":"closed","template":"","meta":{"om_disable_all_campaigns":false,"_monsterinsights_skip_tracking":false,"_monsterinsights_sitenote_active":false,"_monsterinsights_sitenote_note":"","_monsterinsights_sitenote_category":0,"_uf_show_specific_survey":0,"_uf_disable_surveys":false,"_joinchat":[]},"product_brand":[],"product_cat":[18],"product_tag":[],"class_list":{"0":"post-1259","1":"product","2":"type-product","3":"status-publish","4":"has-post-thumbnail","6":"product_cat-plantas","8":"first","9":"instock","10":"featured","11":"shipping-taxable","12":"purchasable","13":"product-type-simple"},"aioseo_notices":[],"_links":{"self":[{"href":"https:\/\/selvaticoplantshop.com\/index.php\/wp-json\/wp\/v2\/product\/1259","targetHints":{"allow":["GET"]}}],"collection":[{"href":"https:\/\/selvaticoplantshop.com\/index.php\/wp-json\/wp\/v2\/product"}],"about":[{"href":"https:\/\/selvaticoplantshop.com\/index.php\/wp-json\/wp\/v2\/types\/product"}],"replies":[{"embeddable":true,"href":"https:\/\/selvaticoplantshop.com\/index.php\/wp-json\/wp\/v2\/comments?post=1259"}],"wp:featuredmedia":[{"embeddable":true,"href":"https:\/\/selvaticoplantshop.com\/index.php\/wp-json\/wp\/v2\/media\/1261"}],"wp:attachment":[{"href":"https:\/\/selvaticoplantshop.com\/index.php\/wp-json\/wp\/v2\/media?parent=1259"}],"wp:term":[{"taxonomy":"product_brand","embeddable":true,"href":"https:\/\/selvaticoplantshop.com\/index.php\/wp-json\/wp\/v2\/product_brand?post=1259"},{"taxonomy":"product_cat","embeddable":true,"href":"https:\/\/selvaticoplantshop.com\/index.php\/wp-json\/wp\/v2\/product_cat?post=1259"},{"taxonomy":"product_tag","embeddable":true,"href":"https:\/\/selvaticoplantshop.com\/index.php\/wp-json\/wp\/v2\/product_tag?post=1259"}],"curies":[{"name":"wp","href":"https:\/\/api.w.org\/{rel}","templated":true}]}}