{"id":1274,"date":"2024-10-28T17:22:07","date_gmt":"2024-10-28T22:22:07","guid":{"rendered":"https:\/\/selvaticoplantshop.com\/?post_type=product&#038;p=1274"},"modified":"2025-07-31T17:10:03","modified_gmt":"2025-07-31T22:10:03","slug":"romero","status":"publish","type":"product","link":"https:\/\/selvaticoplantshop.com\/index.php\/producto\/romero\/","title":{"rendered":"Romero"},"content":{"rendered":"<h3 data-sourcepos=\"20:1-20:12\">Cuidados<\/h3>\n<ul data-sourcepos=\"22:1-28:0\">\n<li data-sourcepos=\"22:1-22:77\"><strong>Luz:<\/strong> Requiere una exposici\u00f3n solar directa de al menos 6 horas diarias.<\/li>\n<li data-sourcepos=\"23:1-23:96\"><strong>Temperatura:<\/strong> Tolera una amplia gama de temperaturas, pero prefiere climas c\u00e1lidos y secos.<\/li>\n<li data-sourcepos=\"24:1-24:73\"><strong>Suelo:<\/strong> Prefiere suelos bien drenados, ligeros y ligeramente \u00e1cidos.<\/li>\n<li data-sourcepos=\"25:1-25:65\"><strong>Riego:<\/strong> Necesita riegos moderados, evitando encharcamientos.<\/li>\n<li data-sourcepos=\"26:1-26:115\"><strong>Poda:<\/strong> Es recomendable realizar podas regulares para mantener su forma y estimular la emisi\u00f3n de nuevas ramas.<\/li>\n<li data-sourcepos=\"27:1-28:0\"><strong>Abonado:<\/strong> Se puede abonar una vez al a\u00f1o con un fertilizante org\u00e1nico en primavera.<\/li>\n<\/ul>\n<h3 data-sourcepos=\"14:1-14:21\">Problemas Comunes<\/h3>\n<ul data-sourcepos=\"16:1-19:0\">\n<li data-sourcepos=\"16:1-16:138\"><strong>Plagas:<\/strong> Aunque es bastante resistente, puede sufrir ataques de pulgones, cochinillas y ara\u00f1a roja, especialmente en ambientes secos.<\/li>\n<li data-sourcepos=\"17:1-17:102\"><strong>Enfermedades:<\/strong> En condiciones de humedad excesiva, puede verse afectado por hongos como el o\u00eddio.<\/li>\n<li data-sourcepos=\"18:1-19:0\"><strong>Clorosis:<\/strong> Si el suelo es demasiado alcalino o carece de hierro, las hojas pueden volverse amarillas.<\/li>\n<\/ul>\n<h2 data-sourcepos=\"3:1-3:39\"><\/h2>\n","protected":false},"excerpt":{"rendered":"<h3 data-sourcepos=\"20:1-20:12\">El romero arom\u00e1tico (Salvia rosmarinus) es una planta herb\u00e1cea muy apreciada por su aroma caracter\u00edstico y sus m\u00faltiples usos culinarios y medicinales. Arbusto perenne, le\u00f1oso y muy ramificado, originario de la regi\u00f3n mediterr\u00e1nea.<\/h3>\n","protected":false},"featured_media":1275,"comment_status":"open","ping_status":"closed","template":"","meta":{"om_disable_all_campaigns":false,"_monsterinsights_skip_tracking":false,"_monsterinsights_sitenote_active":false,"_monsterinsights_sitenote_note":"","_monsterinsights_sitenote_category":0,"_uf_show_specific_survey":0,"_uf_disable_surveys":false,"_joinchat":[]},"product_brand":[],"product_cat":[18],"product_tag":[],"class_list":{"0":"post-1274","1":"product","2":"type-product","3":"status-publish","4":"has-post-thumbnail","6":"product_cat-plantas","8":"first","9":"instock","10":"shipping-taxable","11":"purchasable","12":"product-type-simple"},"aioseo_notices":[],"_links":{"self":[{"href":"https:\/\/selvaticoplantshop.com\/index.php\/wp-json\/wp\/v2\/product\/1274","targetHints":{"allow":["GET"]}}],"collection":[{"href":"https:\/\/selvaticoplantshop.com\/index.php\/wp-json\/wp\/v2\/product"}],"about":[{"href":"https:\/\/selvaticoplantshop.com\/index.php\/wp-json\/wp\/v2\/types\/product"}],"replies":[{"embeddable":true,"href":"https:\/\/selvaticoplantshop.com\/index.php\/wp-json\/wp\/v2\/comments?post=1274"}],"wp:featuredmedia":[{"embeddable":true,"href":"https:\/\/selvaticoplantshop.com\/index.php\/wp-json\/wp\/v2\/media\/1275"}],"wp:attachment":[{"href":"https:\/\/selvaticoplantshop.com\/index.php\/wp-json\/wp\/v2\/media?parent=1274"}],"wp:term":[{"taxonomy":"product_brand","embeddable":true,"href":"https:\/\/selvaticoplantshop.com\/index.php\/wp-json\/wp\/v2\/product_brand?post=1274"},{"taxonomy":"product_cat","embeddable":true,"href":"https:\/\/selvaticoplantshop.com\/index.php\/wp-json\/wp\/v2\/product_cat?post=1274"},{"taxonomy":"product_tag","embeddable":true,"href":"https:\/\/selvaticoplantshop.com\/index.php\/wp-json\/wp\/v2\/product_tag?post=1274"}],"curies":[{"name":"wp","href":"https:\/\/api.w.org\/{rel}","templated":true}]}}