{"id":244,"date":"2024-03-13T20:58:12","date_gmt":"2024-03-14T01:58:12","guid":{"rendered":"https:\/\/selvaticoplantshop.com\/index.php\/producto\/alocasia-cuprea\/"},"modified":"2025-02-04T10:27:02","modified_gmt":"2025-02-04T15:27:02","slug":"alocasia-cuprea","status":"publish","type":"product","link":"https:\/\/selvaticoplantshop.com\/index.php\/producto\/alocasia-cuprea\/","title":{"rendered":"Alocasia Cuprea"},"content":{"rendered":"<p>La Alocasia cuprea es una planta de interior perenne con hojas grandes y cori\u00e1ceas en forma de coraz\u00f3n. Las hojas son de color verde oscuro con un brillo met\u00e1lico y venas prominentes de color verde claro o burdeos. El env\u00e9s de las hojas es de color burdeos o p\u00farpura. La Alocasia cuprea puede crecer hasta 1 metro de altura y ancho.<\/p>\n","protected":false},"excerpt":{"rendered":"<p><strong>Tipo de planta<\/strong>: Planta de interior tropical<br \/>\n<strong>Tama\u00f1o<\/strong>: Puede alcanzar una altura total de 1 metro<br \/>\n<strong>Hojas<\/strong>: Grandes y cori\u00e1ceas, de color verde oscuro con un brillo cobrizo<br \/>\n<strong>Flores<\/strong>: No son especialmente llamativas<br \/>\n<strong>Luz<\/strong>: Luz indirecta brillante<br \/>\n<strong>Agua:<\/strong> Mantener el suelo h\u00famedo pero no mojado<br \/>\n<strong>Tierra:<\/strong> Mezcla para macetas bien drenada<br \/>\n<strong>Fertilizante:<\/strong> Fertilizar cada dos semanas durante la temporada de crecimiento<br \/>\n<strong>Propagaci\u00f3n<\/strong>: Se puede propagar por divisi\u00f3n o por esquejes de hojas<\/p>\n","protected":false},"featured_media":127,"comment_status":"closed","ping_status":"closed","template":"","meta":{"om_disable_all_campaigns":false,"_monsterinsights_skip_tracking":false,"_monsterinsights_sitenote_active":false,"_monsterinsights_sitenote_note":"","_monsterinsights_sitenote_category":0,"_uf_show_specific_survey":0,"_uf_disable_surveys":false,"_joinchat":[]},"product_brand":[],"product_cat":[26,25],"product_tag":[],"class_list":{"0":"post-244","1":"product","2":"type-product","3":"status-publish","4":"has-post-thumbnail","6":"product_cat-alocasia","7":"product_cat-plantas-de-interior","8":"pa_tamano-matera-p14","10":"first","11":"instock","12":"purchasable","13":"product-type-simple"},"aioseo_notices":[],"_links":{"self":[{"href":"https:\/\/selvaticoplantshop.com\/index.php\/wp-json\/wp\/v2\/product\/244","targetHints":{"allow":["GET"]}}],"collection":[{"href":"https:\/\/selvaticoplantshop.com\/index.php\/wp-json\/wp\/v2\/product"}],"about":[{"href":"https:\/\/selvaticoplantshop.com\/index.php\/wp-json\/wp\/v2\/types\/product"}],"replies":[{"embeddable":true,"href":"https:\/\/selvaticoplantshop.com\/index.php\/wp-json\/wp\/v2\/comments?post=244"}],"wp:featuredmedia":[{"embeddable":true,"href":"https:\/\/selvaticoplantshop.com\/index.php\/wp-json\/wp\/v2\/media\/127"}],"wp:attachment":[{"href":"https:\/\/selvaticoplantshop.com\/index.php\/wp-json\/wp\/v2\/media?parent=244"}],"wp:term":[{"taxonomy":"product_brand","embeddable":true,"href":"https:\/\/selvaticoplantshop.com\/index.php\/wp-json\/wp\/v2\/product_brand?post=244"},{"taxonomy":"product_cat","embeddable":true,"href":"https:\/\/selvaticoplantshop.com\/index.php\/wp-json\/wp\/v2\/product_cat?post=244"},{"taxonomy":"product_tag","embeddable":true,"href":"https:\/\/selvaticoplantshop.com\/index.php\/wp-json\/wp\/v2\/product_tag?post=244"}],"curies":[{"name":"wp","href":"https:\/\/api.w.org\/{rel}","templated":true}]}}