{"id":245,"date":"2024-03-13T20:58:12","date_gmt":"2024-03-14T01:58:12","guid":{"rendered":"https:\/\/selvaticoplantshop.com\/index.php\/producto\/alocasia-silver-dragon\/"},"modified":"2025-02-04T11:12:46","modified_gmt":"2025-02-04T16:12:46","slug":"alocasia-silver-dragon","status":"publish","type":"product","link":"https:\/\/selvaticoplantshop.com\/index.php\/producto\/alocasia-silver-dragon\/","title":{"rendered":"Alocasia Silver Dragon"},"content":{"rendered":"<p>La Alocasia Silver Dragon es una planta de interior de aspecto ex\u00f3tico con hojas grandes y en forma de coraz\u00f3n que tienen un patr\u00f3n de escamas de drag\u00f3n verde oscuro y plateado.<\/p>\n","protected":false},"excerpt":{"rendered":"<p>Tipo de planta: Planta de interior<br \/>\nTama\u00f1o: 2-3 pies de altura<br \/>\nLuz: Luz brillante e indirecta<br \/>\nAgua: Suelo h\u00famedo pero bien drenado<br \/>\nHumedad: Alta<br \/>\nFertilizante: Fertilice una vez al mes durante la primavera y el verano<br \/>\nPropagaci\u00f3n: Propagaci\u00f3n por divisi\u00f3n o esquejes de hojas<br \/>\nPlagas y enfermedades: Susceptible a cochinillas, pulgones y \u00e1caros ara\u00f1a. Tambi\u00e9n es susceptible a la pudrici\u00f3n de la ra\u00edz si se riega en exceso.<\/p>\n","protected":false},"featured_media":129,"comment_status":"closed","ping_status":"closed","template":"","meta":{"om_disable_all_campaigns":false,"_monsterinsights_skip_tracking":false,"_monsterinsights_sitenote_active":false,"_monsterinsights_sitenote_note":"","_monsterinsights_sitenote_category":0,"_uf_show_specific_survey":0,"_uf_disable_surveys":false,"_joinchat":[]},"product_brand":[],"product_cat":[26,25],"product_tag":[],"class_list":{"0":"post-245","1":"product","2":"type-product","3":"status-publish","4":"has-post-thumbnail","6":"product_cat-alocasia","7":"product_cat-plantas-de-interior","8":"pa_tamano-matera-p14","10":"first","11":"instock","12":"purchasable","13":"product-type-simple"},"aioseo_notices":[],"_links":{"self":[{"href":"https:\/\/selvaticoplantshop.com\/index.php\/wp-json\/wp\/v2\/product\/245","targetHints":{"allow":["GET"]}}],"collection":[{"href":"https:\/\/selvaticoplantshop.com\/index.php\/wp-json\/wp\/v2\/product"}],"about":[{"href":"https:\/\/selvaticoplantshop.com\/index.php\/wp-json\/wp\/v2\/types\/product"}],"replies":[{"embeddable":true,"href":"https:\/\/selvaticoplantshop.com\/index.php\/wp-json\/wp\/v2\/comments?post=245"}],"wp:featuredmedia":[{"embeddable":true,"href":"https:\/\/selvaticoplantshop.com\/index.php\/wp-json\/wp\/v2\/media\/129"}],"wp:attachment":[{"href":"https:\/\/selvaticoplantshop.com\/index.php\/wp-json\/wp\/v2\/media?parent=245"}],"wp:term":[{"taxonomy":"product_brand","embeddable":true,"href":"https:\/\/selvaticoplantshop.com\/index.php\/wp-json\/wp\/v2\/product_brand?post=245"},{"taxonomy":"product_cat","embeddable":true,"href":"https:\/\/selvaticoplantshop.com\/index.php\/wp-json\/wp\/v2\/product_cat?post=245"},{"taxonomy":"product_tag","embeddable":true,"href":"https:\/\/selvaticoplantshop.com\/index.php\/wp-json\/wp\/v2\/product_tag?post=245"}],"curies":[{"name":"wp","href":"https:\/\/api.w.org\/{rel}","templated":true}]}}