{"id":247,"date":"2024-03-13T20:58:12","date_gmt":"2024-03-14T01:58:12","guid":{"rendered":"https:\/\/selvaticoplantshop.com\/index.php\/producto\/anturio\/"},"modified":"2026-03-17T15:31:25","modified_gmt":"2026-03-17T20:31:25","slug":"anturio","status":"publish","type":"product","link":"https:\/\/selvaticoplantshop.com\/index.php\/producto\/anturio\/","title":{"rendered":"Anturio"},"content":{"rendered":"<p>El anturio, tambi\u00e9n conocido como flor de flamenco, es una planta tropical originaria de las selvas tropicales de Am\u00e9rica Central y del Sur. Es una planta perenne que crece en forma de roseta, con hojas grandes y brillantes en forma de coraz\u00f3n. Las flores de anturio son en realidad br\u00e1cteas, que son hojas modificadas que rodean a la peque\u00f1a flor real. Las br\u00e1cteas pueden ser de color rojo brillante, rosa, blanco, amarillo o naranja, y duran varias semanas.<\/p>\n","protected":false},"excerpt":{"rendered":"<p><strong>Tipo de planta<\/strong>: Perenne<br \/>\n<strong>H\u00e1bito de crecimiento:<\/strong> Roseta<br \/>\n<strong>Hojas<\/strong>: Grandes, brillantes, en forma de coraz\u00f3n<br \/>\n<strong>Flores<\/strong>: Br\u00e1cteas de colores brillantes que rodean a la peque\u00f1a flor real<br \/>\n<strong>Colores de las flores<\/strong>: Rojo brillante, rosa, blanco, amarillo, naranja<br \/>\n<strong>Duraci\u00f3n de las flores<\/strong>: Varias semanas<br \/>\n<strong>Condiciones de crecimiento<\/strong>: Luz indirecta, alta humedad Riego: Regar regularmente, pero no en exceso. Dejar que el suelo se seque ligeramente entre riegos.<br \/>\n<strong>Luz<\/strong>: Luz indirecta brillante. Evitar la luz solar directa.<br \/>\n<strong>Humedad:<\/strong> Alta humedad. Agrupar las plantas con otras plantas tropicales para crear un ambiente m\u00e1s h\u00famedo.<br \/>\n<strong>Fertilizante:<\/strong> Fertilizar con un fertilizante equilibrado cada dos semanas durante la temporada de crecimiento.<\/p>\n","protected":false},"featured_media":117,"comment_status":"open","ping_status":"closed","template":"","meta":{"om_disable_all_campaigns":false,"_monsterinsights_skip_tracking":false,"_monsterinsights_sitenote_active":false,"_monsterinsights_sitenote_note":"","_monsterinsights_sitenote_category":0,"_uf_show_specific_survey":0,"_uf_disable_surveys":false,"_joinchat":[]},"product_brand":[],"product_cat":[27,25],"product_tag":[],"class_list":{"0":"post-247","1":"product","2":"type-product","3":"status-publish","4":"has-post-thumbnail","6":"product_cat-anturio","7":"product_cat-plantas-de-interior","8":"pa_colores-blanco","9":"pa_colores-morado","10":"pa_colores-negro","11":"pa_colores-rojo","12":"pa_colores-rosado","14":"first","15":"instock","16":"purchasable","17":"product-type-variable"},"aioseo_notices":[],"_links":{"self":[{"href":"https:\/\/selvaticoplantshop.com\/index.php\/wp-json\/wp\/v2\/product\/247","targetHints":{"allow":["GET"]}}],"collection":[{"href":"https:\/\/selvaticoplantshop.com\/index.php\/wp-json\/wp\/v2\/product"}],"about":[{"href":"https:\/\/selvaticoplantshop.com\/index.php\/wp-json\/wp\/v2\/types\/product"}],"replies":[{"embeddable":true,"href":"https:\/\/selvaticoplantshop.com\/index.php\/wp-json\/wp\/v2\/comments?post=247"}],"wp:featuredmedia":[{"embeddable":true,"href":"https:\/\/selvaticoplantshop.com\/index.php\/wp-json\/wp\/v2\/media\/117"}],"wp:attachment":[{"href":"https:\/\/selvaticoplantshop.com\/index.php\/wp-json\/wp\/v2\/media?parent=247"}],"wp:term":[{"taxonomy":"product_brand","embeddable":true,"href":"https:\/\/selvaticoplantshop.com\/index.php\/wp-json\/wp\/v2\/product_brand?post=247"},{"taxonomy":"product_cat","embeddable":true,"href":"https:\/\/selvaticoplantshop.com\/index.php\/wp-json\/wp\/v2\/product_cat?post=247"},{"taxonomy":"product_tag","embeddable":true,"href":"https:\/\/selvaticoplantshop.com\/index.php\/wp-json\/wp\/v2\/product_tag?post=247"}],"curies":[{"name":"wp","href":"https:\/\/api.w.org\/{rel}","templated":true}]}}