{"id":248,"date":"2024-03-13T20:58:12","date_gmt":"2024-03-14T01:58:12","guid":{"rendered":"https:\/\/selvaticoplantshop.com\/index.php\/producto\/anturio-crystallinum\/"},"modified":"2025-07-31T17:59:05","modified_gmt":"2025-07-31T22:59:05","slug":"anturio-crystallinum","status":"publish","type":"product","link":"https:\/\/selvaticoplantshop.com\/index.php\/producto\/anturio-crystallinum\/","title":{"rendered":"Anturio Crystallinum"},"content":{"rendered":"<p><strong>Tipo de planta<\/strong>: Planta de interior<br \/>\n<strong>Tama\u00f1o<\/strong>: Puede crecer hasta 3 pies de alto y ancho<br \/>\n<strong>Luz<\/strong>: Requiere luz indirecta brillante<br \/>\n<strong>Agua<\/strong>: Riegue cuando la parte superior del suelo est\u00e9 seca al tacto<br \/>\n<strong>Humedad<\/strong>: Prefiere la humedad alta<br \/>\n<strong>Suelo<\/strong>: Mezcla para macetas bien drenada<br \/>\n<strong>Fertilizante<\/strong>: Fertilice una vez al mes durante la primavera y el verano<br \/>\nPlagas y enfermedades: Susceptible a cochinillas, pulgones y pudrici\u00f3n de la ra\u00edz<br \/>\n<strong>Toxicidad:<\/strong> T\u00f3xico para humanos y mascotas si se ingiere<\/p>\n","protected":false},"excerpt":{"rendered":"<p>El Anturio cristalino, tambi\u00e9n conocido como planta de terciopelo, es una planta de interior popular por sus hojas grandes y aterciopeladas en forma de coraz\u00f3n. Las hojas son de color verde oscuro con venas plateadas, lo que les da un aspecto \u00fanico y elegante. El anturio cristalino es una planta de bajo mantenimiento que es tolerante a la poca luz y la sequ\u00eda. Es una excelente opci\u00f3n para jardineros principiantes o para cualquiera que quiera agregar un toque de los tr\u00f3picos a su hogar.<\/p>\n<p>&nbsp;<\/p>\n","protected":false},"featured_media":120,"comment_status":"closed","ping_status":"closed","template":"","meta":{"om_disable_all_campaigns":false,"_monsterinsights_skip_tracking":false,"_monsterinsights_sitenote_active":false,"_monsterinsights_sitenote_note":"","_monsterinsights_sitenote_category":0,"_uf_show_specific_survey":0,"_uf_disable_surveys":false,"_joinchat":[]},"product_brand":[],"product_cat":[27,25],"product_tag":[],"class_list":{"0":"post-248","1":"product","2":"type-product","3":"status-publish","4":"has-post-thumbnail","6":"product_cat-anturio","7":"product_cat-plantas-de-interior","8":"pa_tamano-matera-p14","10":"first","11":"instock","12":"purchasable","13":"product-type-simple"},"aioseo_notices":[],"_links":{"self":[{"href":"https:\/\/selvaticoplantshop.com\/index.php\/wp-json\/wp\/v2\/product\/248","targetHints":{"allow":["GET"]}}],"collection":[{"href":"https:\/\/selvaticoplantshop.com\/index.php\/wp-json\/wp\/v2\/product"}],"about":[{"href":"https:\/\/selvaticoplantshop.com\/index.php\/wp-json\/wp\/v2\/types\/product"}],"replies":[{"embeddable":true,"href":"https:\/\/selvaticoplantshop.com\/index.php\/wp-json\/wp\/v2\/comments?post=248"}],"wp:featuredmedia":[{"embeddable":true,"href":"https:\/\/selvaticoplantshop.com\/index.php\/wp-json\/wp\/v2\/media\/120"}],"wp:attachment":[{"href":"https:\/\/selvaticoplantshop.com\/index.php\/wp-json\/wp\/v2\/media?parent=248"}],"wp:term":[{"taxonomy":"product_brand","embeddable":true,"href":"https:\/\/selvaticoplantshop.com\/index.php\/wp-json\/wp\/v2\/product_brand?post=248"},{"taxonomy":"product_cat","embeddable":true,"href":"https:\/\/selvaticoplantshop.com\/index.php\/wp-json\/wp\/v2\/product_cat?post=248"},{"taxonomy":"product_tag","embeddable":true,"href":"https:\/\/selvaticoplantshop.com\/index.php\/wp-json\/wp\/v2\/product_tag?post=248"}],"curies":[{"name":"wp","href":"https:\/\/api.w.org\/{rel}","templated":true}]}}