{"id":251,"date":"2024-03-13T20:58:12","date_gmt":"2024-03-14T01:58:12","guid":{"rendered":"https:\/\/selvaticoplantshop.com\/index.php\/producto\/begonia-piel-de-sapo-variegada\/"},"modified":"2026-05-02T15:36:41","modified_gmt":"2026-05-02T20:36:41","slug":"begonia-piel-de-sapo-variegada","status":"publish","type":"product","link":"https:\/\/selvaticoplantshop.com\/index.php\/producto\/begonia-piel-de-sapo-variegada\/","title":{"rendered":"Begonia Piel De Sapo Variegada"},"content":{"rendered":"<p>La begonia piel de sapo es una planta de interior popular por sus hojas grandes y distintivas. Las hojas son de color verde oscuro con manchas plateadas y tienen una textura rugosa que se asemeja a la piel de un sapo. La planta puede crecer hasta alcanzar un tama\u00f1o de 30 a 60 cm de altura y ancho.<\/p>\n","protected":false},"excerpt":{"rendered":"<p><strong>Tipo de planta<\/strong>: Planta de interior<br \/>\n<strong>Tama\u00f1o:<\/strong> Alcanza hasta 60 cm de altura y 45 cm de ancho<br \/>\n<strong>Luz<\/strong>: Luz brillante e indirecta<br \/>\n<strong>Agua<\/strong>: Regar cuando la tierra est\u00e9 seca al tacto<br \/>\n<strong>Suelo<\/strong>: Mezcla para macetas bien drenada<br \/>\n<strong>Fertilizante<\/strong>: Fertilizar una vez al mes durante la primavera y el verano<br \/>\n<strong>Humedad<\/strong>: Prefiere una humedad alta<br \/>\n<strong>Temperatura<\/strong>: 18-24 \u00b0C Proporcione luz brillante e indirecta. La begonia piel de sapo no tolera la luz solar directa, que puede quemar sus hojas.<br \/>\nRiegue cuando la tierra est\u00e9 seca al tacto. No permita que la planta se asiente en el agua, ya que esto puede provocar la pudrici\u00f3n de las ra\u00edces.<\/p>\n","protected":false},"featured_media":139,"comment_status":"closed","ping_status":"closed","template":"","meta":{"om_disable_all_campaigns":false,"_monsterinsights_skip_tracking":false,"_monsterinsights_sitenote_active":false,"_monsterinsights_sitenote_note":"","_monsterinsights_sitenote_category":0,"_uf_show_specific_survey":0,"_uf_disable_surveys":false,"_joinchat":[]},"product_brand":[],"product_cat":[28,25],"product_tag":[],"class_list":{"0":"post-251","1":"product","2":"type-product","3":"status-publish","4":"has-post-thumbnail","6":"product_cat-begonia","7":"product_cat-plantas-de-interior","8":"pa_tamano-matera-p14","10":"first","11":"instock","12":"purchasable","13":"product-type-simple"},"aioseo_notices":[],"_links":{"self":[{"href":"https:\/\/selvaticoplantshop.com\/index.php\/wp-json\/wp\/v2\/product\/251","targetHints":{"allow":["GET"]}}],"collection":[{"href":"https:\/\/selvaticoplantshop.com\/index.php\/wp-json\/wp\/v2\/product"}],"about":[{"href":"https:\/\/selvaticoplantshop.com\/index.php\/wp-json\/wp\/v2\/types\/product"}],"replies":[{"embeddable":true,"href":"https:\/\/selvaticoplantshop.com\/index.php\/wp-json\/wp\/v2\/comments?post=251"}],"wp:featuredmedia":[{"embeddable":true,"href":"https:\/\/selvaticoplantshop.com\/index.php\/wp-json\/wp\/v2\/media\/139"}],"wp:attachment":[{"href":"https:\/\/selvaticoplantshop.com\/index.php\/wp-json\/wp\/v2\/media?parent=251"}],"wp:term":[{"taxonomy":"product_brand","embeddable":true,"href":"https:\/\/selvaticoplantshop.com\/index.php\/wp-json\/wp\/v2\/product_brand?post=251"},{"taxonomy":"product_cat","embeddable":true,"href":"https:\/\/selvaticoplantshop.com\/index.php\/wp-json\/wp\/v2\/product_cat?post=251"},{"taxonomy":"product_tag","embeddable":true,"href":"https:\/\/selvaticoplantshop.com\/index.php\/wp-json\/wp\/v2\/product_tag?post=251"}],"curies":[{"name":"wp","href":"https:\/\/api.w.org\/{rel}","templated":true}]}}