{"id":255,"date":"2024-03-13T20:58:12","date_gmt":"2024-03-14T01:58:12","guid":{"rendered":"https:\/\/selvaticoplantshop.com\/index.php\/producto\/canelon\/"},"modified":"2025-07-31T18:01:21","modified_gmt":"2025-07-31T23:01:21","slug":"canelon","status":"publish","type":"product","link":"https:\/\/selvaticoplantshop.com\/index.php\/producto\/canelon\/","title":{"rendered":"Canel\u00f3n"},"content":{"rendered":"<p><strong>Tipo de planta<\/strong>: Planta rastrera<br \/>\n<strong>Origen<\/strong>: Am\u00e9rica del Sur<br \/>\n<strong>Altura<\/strong>: Hasta 30 cm<br \/>\n<strong>Hojas<\/strong>: Verde brillante, carnosas, ovaladas y puntiagudas<br \/>\n<strong>Flores<\/strong>: Peque\u00f1as e insignificantes<br \/>\n<strong>Requisitos de luz<\/strong>: Luz brillante, indirecta<br \/>\n<strong>Requisitos de riego:<\/strong> Mantener el suelo h\u00famedo pero no mojado<br \/>\n<strong>Requisitos de suelo:<\/strong> Mezcla para macetas bien drenada<br \/>\n<strong>Fertilizaci\u00f3n<\/strong>: Fertilice una vez al mes durante la temporada de crecimiento<\/p>\n","protected":false},"excerpt":{"rendered":"<p>El Canel\u00f3n es una planta herb\u00e1cea perenne originaria de Am\u00e9rica tropical. Se caracteriza por sus hojas carnosas, ovaladas, de color verde brillante con bordes ondulados. Las flores son peque\u00f1as, blancas o verdosas, y se disponen en espigas. El fruto es un peque\u00f1o drupa de color rojo.<\/p>\n<p>El Canel\u00f3n se cultiva como planta ornamental por su follaje atractivo. Tambi\u00e9n se le atribuyen propiedades medicinales, como antiinflamatoria, analg\u00e9sica y digestiva.<\/p>\n<p>&nbsp;<\/p>\n","protected":false},"featured_media":126,"comment_status":"closed","ping_status":"closed","template":"","meta":{"om_disable_all_campaigns":false,"_monsterinsights_skip_tracking":false,"_monsterinsights_sitenote_active":false,"_monsterinsights_sitenote_note":"","_monsterinsights_sitenote_category":0,"_uf_show_specific_survey":0,"_uf_disable_surveys":false,"_joinchat":[]},"product_brand":[],"product_cat":[34,33],"product_tag":[],"class_list":{"0":"post-255","1":"product","2":"type-product","3":"status-publish","4":"has-post-thumbnail","6":"product_cat-aromatica","7":"product_cat-plantas-aromaticas","8":"pa_tamano-matera-p14","10":"first","11":"instock","12":"purchasable","13":"product-type-simple"},"aioseo_notices":[],"_links":{"self":[{"href":"https:\/\/selvaticoplantshop.com\/index.php\/wp-json\/wp\/v2\/product\/255","targetHints":{"allow":["GET"]}}],"collection":[{"href":"https:\/\/selvaticoplantshop.com\/index.php\/wp-json\/wp\/v2\/product"}],"about":[{"href":"https:\/\/selvaticoplantshop.com\/index.php\/wp-json\/wp\/v2\/types\/product"}],"replies":[{"embeddable":true,"href":"https:\/\/selvaticoplantshop.com\/index.php\/wp-json\/wp\/v2\/comments?post=255"}],"wp:featuredmedia":[{"embeddable":true,"href":"https:\/\/selvaticoplantshop.com\/index.php\/wp-json\/wp\/v2\/media\/126"}],"wp:attachment":[{"href":"https:\/\/selvaticoplantshop.com\/index.php\/wp-json\/wp\/v2\/media?parent=255"}],"wp:term":[{"taxonomy":"product_brand","embeddable":true,"href":"https:\/\/selvaticoplantshop.com\/index.php\/wp-json\/wp\/v2\/product_brand?post=255"},{"taxonomy":"product_cat","embeddable":true,"href":"https:\/\/selvaticoplantshop.com\/index.php\/wp-json\/wp\/v2\/product_cat?post=255"},{"taxonomy":"product_tag","embeddable":true,"href":"https:\/\/selvaticoplantshop.com\/index.php\/wp-json\/wp\/v2\/product_tag?post=255"}],"curies":[{"name":"wp","href":"https:\/\/api.w.org\/{rel}","templated":true}]}}