{"id":256,"date":"2024-03-13T20:58:12","date_gmt":"2024-03-14T01:58:12","guid":{"rendered":"https:\/\/selvaticoplantshop.com\/index.php\/producto\/ceropegia-woodii\/"},"modified":"2025-07-31T18:06:56","modified_gmt":"2025-07-31T23:06:56","slug":"ceropegia-woodii","status":"publish","type":"product","link":"https:\/\/selvaticoplantshop.com\/index.php\/producto\/ceropegia-woodii\/","title":{"rendered":"Ceropegia Woodii"},"content":{"rendered":"<p><strong>Nombre com\u00fan:<\/strong> Collar de corazones<br \/>\n<strong>Tipo de planta<\/strong>: suculenta<br \/>\n<strong>Origen:<\/strong> Sud\u00e1frica<br \/>\n<strong>Tama\u00f1o<\/strong>: hojas de 1 a 2 cm de ancho y largo, enredaderas que crecen hasta 2 metros de largo<br \/>\n<strong>Luz:<\/strong> luz solar brillante e indirecta<br \/>\n<strong>Agua:<\/strong> regar cuando el suelo est\u00e9 seco<br \/>\n<strong>Suelo:<\/strong> mezcla de cactus bien drenada<br \/>\n<strong>Fertilizante<\/strong>: fertilizar una vez al mes<\/p>\n","protected":false},"excerpt":{"rendered":"<p>Ceropegia Woodii es una planta de interior hermosa y f\u00e1cil de cuidar. Sus hojas en forma de coraz\u00f3n y sus flores en forma de campana la convierten en una adici\u00f3n atractiva a cualquier hogar. planta de crecimiento r\u00e1pido que puede alcanzar varios pies de largo. Es una buena opci\u00f3n para cestas colgantes o macetas.<\/p>\n<p>&nbsp;<\/p>\n","protected":false},"featured_media":152,"comment_status":"closed","ping_status":"closed","template":"","meta":{"om_disable_all_campaigns":false,"_monsterinsights_skip_tracking":false,"_monsterinsights_sitenote_active":false,"_monsterinsights_sitenote_note":"","_monsterinsights_sitenote_category":0,"_uf_show_specific_survey":0,"_uf_disable_surveys":false,"_joinchat":[]},"product_brand":[],"product_cat":[36,25],"product_tag":[],"class_list":{"0":"post-256","1":"product","2":"type-product","3":"status-publish","4":"has-post-thumbnail","6":"product_cat-ceropegia","7":"product_cat-plantas-de-interior","8":"pa_tamano-matera-p10","10":"first","11":"instock","12":"purchasable","13":"product-type-simple"},"aioseo_notices":[],"_links":{"self":[{"href":"https:\/\/selvaticoplantshop.com\/index.php\/wp-json\/wp\/v2\/product\/256","targetHints":{"allow":["GET"]}}],"collection":[{"href":"https:\/\/selvaticoplantshop.com\/index.php\/wp-json\/wp\/v2\/product"}],"about":[{"href":"https:\/\/selvaticoplantshop.com\/index.php\/wp-json\/wp\/v2\/types\/product"}],"replies":[{"embeddable":true,"href":"https:\/\/selvaticoplantshop.com\/index.php\/wp-json\/wp\/v2\/comments?post=256"}],"wp:featuredmedia":[{"embeddable":true,"href":"https:\/\/selvaticoplantshop.com\/index.php\/wp-json\/wp\/v2\/media\/152"}],"wp:attachment":[{"href":"https:\/\/selvaticoplantshop.com\/index.php\/wp-json\/wp\/v2\/media?parent=256"}],"wp:term":[{"taxonomy":"product_brand","embeddable":true,"href":"https:\/\/selvaticoplantshop.com\/index.php\/wp-json\/wp\/v2\/product_brand?post=256"},{"taxonomy":"product_cat","embeddable":true,"href":"https:\/\/selvaticoplantshop.com\/index.php\/wp-json\/wp\/v2\/product_cat?post=256"},{"taxonomy":"product_tag","embeddable":true,"href":"https:\/\/selvaticoplantshop.com\/index.php\/wp-json\/wp\/v2\/product_tag?post=256"}],"curies":[{"name":"wp","href":"https:\/\/api.w.org\/{rel}","templated":true}]}}