{"id":257,"date":"2024-03-13T20:58:12","date_gmt":"2024-03-14T01:58:12","guid":{"rendered":"https:\/\/selvaticoplantshop.com\/index.php\/producto\/clusia-rosea\/"},"modified":"2025-07-31T18:02:31","modified_gmt":"2025-07-31T23:02:31","slug":"clusia-rosea","status":"publish","type":"product","link":"https:\/\/selvaticoplantshop.com\/index.php\/producto\/clusia-rosea\/","title":{"rendered":"Clusia Rosea"},"content":{"rendered":"<p><strong>Tipo de planta<\/strong>: \u00e1rbol o arbusto<br \/>\n<strong>Altura<\/strong>: 5 a 14 metros de altura (raramente 20 m); en maceta no supera 1,5 m.<br \/>\n<strong>Hojas:<\/strong> opuestas, simples, obovadas enteras, de color verde oscuro, cori\u00e1ceas, gruesas, de 8-12 x 4-8 pulgadas y se asemejan a las del \u00e1rbol de magnolia.<br \/>\n<strong>Flores<\/strong>: grandes, vistosas, de color blanco con toques rosados, florecen en primavera y verano.<br \/>\n<strong>Fruto<\/strong>: una baya redonda, de color verde amarillento, de 2-3 cm de di\u00e1metro, comestible pero no muy sabroso.<\/p>\n","protected":false},"excerpt":{"rendered":"<p>Es un \u00e1rbol o arbusto de hoja perenne que puede alcanzar hasta 25 pies de altura en su h\u00e1bitat nativo, pero generalmente se mantiene m\u00e1s peque\u00f1o cuando se cultiva en interiores.<br \/>\nTiene hojas gruesas y cori\u00e1ceas de color verde oscuro que est\u00e1n dispuestas en pares opuestos a lo largo del tallo.<br \/>\nLas flores son grandes y vistosas, con cinco p\u00e9talos de color blanco o rosa.<br \/>\nEl fruto es una drupa redonda de color verde que se vuelve amarilla cuando madura.<\/p>\n<p>&nbsp;<\/p>\n","protected":false},"featured_media":162,"comment_status":"closed","ping_status":"closed","template":"","meta":{"om_disable_all_campaigns":false,"_monsterinsights_skip_tracking":false,"_monsterinsights_sitenote_active":false,"_monsterinsights_sitenote_note":"","_monsterinsights_sitenote_category":0,"_uf_show_specific_survey":0,"_uf_disable_surveys":false,"_joinchat":[]},"product_brand":[],"product_cat":[37,30],"product_tag":[],"class_list":{"0":"post-257","1":"product","2":"type-product","3":"status-publish","4":"has-post-thumbnail","6":"product_cat-arbusto","7":"product_cat-plantas-de-exterior","8":"pa_tamano-matera-p14","10":"first","11":"instock","12":"featured","13":"purchasable","14":"product-type-simple"},"aioseo_notices":[],"_links":{"self":[{"href":"https:\/\/selvaticoplantshop.com\/index.php\/wp-json\/wp\/v2\/product\/257","targetHints":{"allow":["GET"]}}],"collection":[{"href":"https:\/\/selvaticoplantshop.com\/index.php\/wp-json\/wp\/v2\/product"}],"about":[{"href":"https:\/\/selvaticoplantshop.com\/index.php\/wp-json\/wp\/v2\/types\/product"}],"replies":[{"embeddable":true,"href":"https:\/\/selvaticoplantshop.com\/index.php\/wp-json\/wp\/v2\/comments?post=257"}],"wp:featuredmedia":[{"embeddable":true,"href":"https:\/\/selvaticoplantshop.com\/index.php\/wp-json\/wp\/v2\/media\/162"}],"wp:attachment":[{"href":"https:\/\/selvaticoplantshop.com\/index.php\/wp-json\/wp\/v2\/media?parent=257"}],"wp:term":[{"taxonomy":"product_brand","embeddable":true,"href":"https:\/\/selvaticoplantshop.com\/index.php\/wp-json\/wp\/v2\/product_brand?post=257"},{"taxonomy":"product_cat","embeddable":true,"href":"https:\/\/selvaticoplantshop.com\/index.php\/wp-json\/wp\/v2\/product_cat?post=257"},{"taxonomy":"product_tag","embeddable":true,"href":"https:\/\/selvaticoplantshop.com\/index.php\/wp-json\/wp\/v2\/product_tag?post=257"}],"curies":[{"name":"wp","href":"https:\/\/api.w.org\/{rel}","templated":true}]}}