{"id":259,"date":"2024-03-13T20:58:12","date_gmt":"2024-03-14T01:58:12","guid":{"rendered":"https:\/\/selvaticoplantshop.com\/index.php\/producto\/curry\/"},"modified":"2025-07-31T18:07:48","modified_gmt":"2025-07-31T23:07:48","slug":"curry","status":"publish","type":"product","link":"https:\/\/selvaticoplantshop.com\/index.php\/producto\/curry\/","title":{"rendered":"Curry"},"content":{"rendered":"<p><strong>Tipo<\/strong>: Arbusto perenne<br \/>\n<strong>Altura<\/strong>: 30-60 cm (12-24 pulgadas)<br \/>\n<strong>Hojas<\/strong>: Oblongas, lanceoladas, de color verde gris\u00e1ceo, con un aroma a curry<br \/>\n<strong>Flores<\/strong>: Peque\u00f1as, de color amarillo, agrupadas en corimbos<br \/>\n<strong>Fruto<\/strong>: Aquenio<br \/>\n<strong>Usos<\/strong>: Culinario, medicinal, ornamental<\/p>\n","protected":false},"excerpt":{"rendered":"<p>La planta de curry, tambi\u00e9n conocida como helichrysum italicum, es una planta perenne nativa de la regi\u00f3n mediterr\u00e1nea. Tiene hojas peque\u00f1as, de color verde gris\u00e1ceo, que est\u00e1n cubiertas de pelos plateados. Las hojas tienen un aroma fuerte y picante que recuerda al curry en polvo. La planta de curry puede crecer hasta 2 pies de altura y produce flores amarillas en verano. Las hojas se pueden usar frescas o secas para agregar sabor a los platos de curry. La planta de curry tambi\u00e9n se puede utilizar para hacer t\u00e9 o tintura.<\/p>\n<p>&nbsp;<\/p>\n","protected":false},"featured_media":166,"comment_status":"closed","ping_status":"closed","template":"","meta":{"om_disable_all_campaigns":false,"_monsterinsights_skip_tracking":false,"_monsterinsights_sitenote_active":false,"_monsterinsights_sitenote_note":"","_monsterinsights_sitenote_category":0,"_uf_show_specific_survey":0,"_uf_disable_surveys":false,"_joinchat":[]},"product_brand":[],"product_cat":[34,33],"product_tag":[],"class_list":{"0":"post-259","1":"product","2":"type-product","3":"status-publish","4":"has-post-thumbnail","6":"product_cat-aromatica","7":"product_cat-plantas-aromaticas","8":"pa_tamano-matera-p10","10":"first","11":"instock","12":"purchasable","13":"product-type-simple"},"aioseo_notices":[],"_links":{"self":[{"href":"https:\/\/selvaticoplantshop.com\/index.php\/wp-json\/wp\/v2\/product\/259","targetHints":{"allow":["GET"]}}],"collection":[{"href":"https:\/\/selvaticoplantshop.com\/index.php\/wp-json\/wp\/v2\/product"}],"about":[{"href":"https:\/\/selvaticoplantshop.com\/index.php\/wp-json\/wp\/v2\/types\/product"}],"replies":[{"embeddable":true,"href":"https:\/\/selvaticoplantshop.com\/index.php\/wp-json\/wp\/v2\/comments?post=259"}],"wp:featuredmedia":[{"embeddable":true,"href":"https:\/\/selvaticoplantshop.com\/index.php\/wp-json\/wp\/v2\/media\/166"}],"wp:attachment":[{"href":"https:\/\/selvaticoplantshop.com\/index.php\/wp-json\/wp\/v2\/media?parent=259"}],"wp:term":[{"taxonomy":"product_brand","embeddable":true,"href":"https:\/\/selvaticoplantshop.com\/index.php\/wp-json\/wp\/v2\/product_brand?post=259"},{"taxonomy":"product_cat","embeddable":true,"href":"https:\/\/selvaticoplantshop.com\/index.php\/wp-json\/wp\/v2\/product_cat?post=259"},{"taxonomy":"product_tag","embeddable":true,"href":"https:\/\/selvaticoplantshop.com\/index.php\/wp-json\/wp\/v2\/product_tag?post=259"}],"curies":[{"name":"wp","href":"https:\/\/api.w.org\/{rel}","templated":true}]}}