{"id":263,"date":"2024-03-13T20:58:12","date_gmt":"2024-03-14T01:58:12","guid":{"rendered":"https:\/\/selvaticoplantshop.com\/index.php\/producto\/fittonia-abre-caminos\/"},"modified":"2026-05-02T15:41:54","modified_gmt":"2026-05-02T20:41:54","slug":"fittonia-abre-caminos","status":"publish","type":"product","link":"https:\/\/selvaticoplantshop.com\/index.php\/producto\/fittonia-abre-caminos\/","title":{"rendered":"Fittonia Abre Caminos"},"content":{"rendered":"<p><strong>Tipo de planta<\/strong>: Planta de interior perenne<br \/>\n<strong>Tama\u00f1o:<\/strong> 10-15 cm de altura<br \/>\n<strong>Hojas<\/strong>: Ovaladas, de color verde brillante con vetas prominentes de color blanco, rosa o rojo<br \/>\n<strong>Flores<\/strong>: Peque\u00f1as e insignificantes<br \/>\n<strong>Luz:<\/strong> Luz solar indirecta brillante<br \/>\n<strong>Suelo:<\/strong> H\u00famedo pero bien drenado<\/p>\n","protected":false},"excerpt":{"rendered":"<p>La planta abrecaminos es una peque\u00f1a planta de interior con hojas ovaladas de color verde brillante con vetas prominentes de color blanco, rosa o rojo. Las hojas son peque\u00f1as, de solo 2-5 cm de largo, y est\u00e1n dispuestas en pares opuestos a lo largo del tallo. La planta tiene un h\u00e1bito de crecimiento rastrero y puede extenderse hasta 30 cm de ancho.<\/p>\n<p>&nbsp;<\/p>\n","protected":false},"featured_media":212,"comment_status":"closed","ping_status":"closed","template":"","meta":{"om_disable_all_campaigns":false,"_monsterinsights_skip_tracking":false,"_monsterinsights_sitenote_active":false,"_monsterinsights_sitenote_note":"","_monsterinsights_sitenote_category":0,"_uf_show_specific_survey":0,"_uf_disable_surveys":false,"_joinchat":[]},"product_brand":[],"product_cat":[44,25],"product_tag":[],"class_list":{"0":"post-263","1":"product","2":"type-product","3":"status-publish","4":"has-post-thumbnail","6":"product_cat-fittonia","7":"product_cat-plantas-de-interior","8":"pa_colores-rojo","9":"pa_colores-verde","11":"first","12":"instock","13":"purchasable","14":"product-type-variable"},"aioseo_notices":[],"_links":{"self":[{"href":"https:\/\/selvaticoplantshop.com\/index.php\/wp-json\/wp\/v2\/product\/263","targetHints":{"allow":["GET"]}}],"collection":[{"href":"https:\/\/selvaticoplantshop.com\/index.php\/wp-json\/wp\/v2\/product"}],"about":[{"href":"https:\/\/selvaticoplantshop.com\/index.php\/wp-json\/wp\/v2\/types\/product"}],"replies":[{"embeddable":true,"href":"https:\/\/selvaticoplantshop.com\/index.php\/wp-json\/wp\/v2\/comments?post=263"}],"wp:featuredmedia":[{"embeddable":true,"href":"https:\/\/selvaticoplantshop.com\/index.php\/wp-json\/wp\/v2\/media\/212"}],"wp:attachment":[{"href":"https:\/\/selvaticoplantshop.com\/index.php\/wp-json\/wp\/v2\/media?parent=263"}],"wp:term":[{"taxonomy":"product_brand","embeddable":true,"href":"https:\/\/selvaticoplantshop.com\/index.php\/wp-json\/wp\/v2\/product_brand?post=263"},{"taxonomy":"product_cat","embeddable":true,"href":"https:\/\/selvaticoplantshop.com\/index.php\/wp-json\/wp\/v2\/product_cat?post=263"},{"taxonomy":"product_tag","embeddable":true,"href":"https:\/\/selvaticoplantshop.com\/index.php\/wp-json\/wp\/v2\/product_tag?post=263"}],"curies":[{"name":"wp","href":"https:\/\/api.w.org\/{rel}","templated":true}]}}