{"id":264,"date":"2024-03-13T20:58:22","date_gmt":"2024-03-14T01:58:22","guid":{"rendered":"https:\/\/selvaticoplantshop.com\/index.php\/producto\/hierba-buena\/"},"modified":"2025-07-31T17:48:46","modified_gmt":"2025-07-31T22:48:46","slug":"hierba-buena","status":"publish","type":"product","link":"https:\/\/selvaticoplantshop.com\/index.php\/producto\/hierba-buena\/","title":{"rendered":"Yerba Buena"},"content":{"rendered":"<p><strong>Nombre cient\u00edfico<\/strong>: Mentha spicata<br \/>\n<strong>Familia<\/strong>: Lami\u00e1ceas<br \/>\n<strong>Origen<\/strong>: Europa<br \/>\n<strong>Altura<\/strong>: Hasta 60 cm<br \/>\n<strong>Hojas<\/strong>: Ovaladas, verde brillante, bordes dentados<br \/>\n<strong>Flores<\/strong>: Peque\u00f1as, blancas o lilas, agrupadas en espigas<br \/>\n<strong>Usos<\/strong>: Culinario, medicinal<br \/>\n<strong>Propiedades<\/strong>: Digestivas, respiratorias, cut\u00e1neas<\/p>\n","protected":false},"excerpt":{"rendered":"<p>La hierbabuena tiene tallos erectos y ramificados que pueden alcanzar hasta 60 cm de altura. Sus hojas son ovaladas, de color verde brillante y con bordes dentados. Las flores son peque\u00f1as y de color blanco o lila, y se agrupan en espigas en la parte superior de los tallos.<\/p>\n<p>La hierbabuena se utiliza principalmente en la cocina para dar sabor a platos dulces y salados. Tambi\u00e9n se utiliza en la elaboraci\u00f3n de t\u00e9s, infusiones y c\u00f3cteles. Adem\u00e1s, tiene propiedades medicinales y se utiliza para tratar problemas digestivos, respiratorios y cut\u00e1neos.<\/p>\n<p>&nbsp;<\/p>\n","protected":false},"featured_media":190,"comment_status":"closed","ping_status":"closed","template":"","meta":{"om_disable_all_campaigns":false,"_monsterinsights_skip_tracking":false,"_monsterinsights_sitenote_active":false,"_monsterinsights_sitenote_note":"","_monsterinsights_sitenote_category":0,"_uf_show_specific_survey":0,"_uf_disable_surveys":false,"_joinchat":[]},"product_brand":[],"product_cat":[34,33],"product_tag":[],"class_list":{"0":"post-264","1":"product","2":"type-product","3":"status-publish","4":"has-post-thumbnail","6":"product_cat-aromatica","7":"product_cat-plantas-aromaticas","8":"pa_tamano-matera-p10","10":"first","11":"instock","12":"purchasable","13":"product-type-simple"},"aioseo_notices":[],"_links":{"self":[{"href":"https:\/\/selvaticoplantshop.com\/index.php\/wp-json\/wp\/v2\/product\/264","targetHints":{"allow":["GET"]}}],"collection":[{"href":"https:\/\/selvaticoplantshop.com\/index.php\/wp-json\/wp\/v2\/product"}],"about":[{"href":"https:\/\/selvaticoplantshop.com\/index.php\/wp-json\/wp\/v2\/types\/product"}],"replies":[{"embeddable":true,"href":"https:\/\/selvaticoplantshop.com\/index.php\/wp-json\/wp\/v2\/comments?post=264"}],"wp:featuredmedia":[{"embeddable":true,"href":"https:\/\/selvaticoplantshop.com\/index.php\/wp-json\/wp\/v2\/media\/190"}],"wp:attachment":[{"href":"https:\/\/selvaticoplantshop.com\/index.php\/wp-json\/wp\/v2\/media?parent=264"}],"wp:term":[{"taxonomy":"product_brand","embeddable":true,"href":"https:\/\/selvaticoplantshop.com\/index.php\/wp-json\/wp\/v2\/product_brand?post=264"},{"taxonomy":"product_cat","embeddable":true,"href":"https:\/\/selvaticoplantshop.com\/index.php\/wp-json\/wp\/v2\/product_cat?post=264"},{"taxonomy":"product_tag","embeddable":true,"href":"https:\/\/selvaticoplantshop.com\/index.php\/wp-json\/wp\/v2\/product_tag?post=264"}],"curies":[{"name":"wp","href":"https:\/\/api.w.org\/{rel}","templated":true}]}}