{"id":265,"date":"2024-03-13T20:58:22","date_gmt":"2024-03-14T01:58:22","guid":{"rendered":"https:\/\/selvaticoplantshop.com\/index.php\/producto\/dracaena-chocolate\/"},"modified":"2025-07-31T17:49:26","modified_gmt":"2025-07-31T22:49:26","slug":"dracaena-chocolate","status":"publish","type":"product","link":"https:\/\/selvaticoplantshop.com\/index.php\/producto\/dracaena-chocolate\/","title":{"rendered":"Dracaena Chocolate"},"content":{"rendered":"<p><strong>Nombre cient\u00edfico<\/strong>: Cordyline terminalis &#8216;Chocolate&#8217;<br \/>\n<strong>Nombre com\u00fan:<\/strong> Dracaena Chocolate, Cordyline Chocolate Queen<br \/>\n<strong>Tipo de planta<\/strong>: Planta de interior<br \/>\n<strong>Tama\u00f1o<\/strong>: Puede alcanzar hasta 3 pies de altura<br \/>\n<strong>Tasa de crecimiento<\/strong>: Crecimiento lento<br \/>\n<strong>Requisitos de luz<\/strong>: Luz brillante e indirecta<br \/>\n<strong>Requisitos de agua<\/strong>: Riego poco frecuente<br \/>\n<strong>Tolerancia a la sequ\u00eda<\/strong>: Tolerante a la sequ\u00eda<br \/>\n<strong>Toxicidad<\/strong>: T\u00f3xico para mascotas y ni\u00f1os si se ingiere<\/p>\n","protected":false},"excerpt":{"rendered":"<p>La Dracaena chocolate es una planta relativamente f\u00e1cil de cuidar. Prefiere la luz brillante e indirecta y un suelo h\u00famedo pero bien drenado. Debe regarse una vez a la semana o cuando el suelo est\u00e9 seco al tacto. No necesita fertilizarse con frecuencia, una vez al mes durante la temporada de crecimiento es suficiente.<\/p>\n<p>La Dracaena chocolate es una planta de interior tolerante a la sequ\u00eda y puede purificar el aire. Es una buena opci\u00f3n para principiantes o para aquellos que no tienen mucho tiempo para cuidar las plantas.<\/p>\n<p>&nbsp;<\/p>\n","protected":false},"featured_media":170,"comment_status":"closed","ping_status":"closed","template":"","meta":{"om_disable_all_campaigns":false,"_monsterinsights_skip_tracking":false,"_monsterinsights_sitenote_active":false,"_monsterinsights_sitenote_note":"","_monsterinsights_sitenote_category":0,"_uf_show_specific_survey":0,"_uf_disable_surveys":false,"_joinchat":[]},"product_brand":[],"product_cat":[46,25],"product_tag":[],"class_list":{"0":"post-265","1":"product","2":"type-product","3":"status-publish","4":"has-post-thumbnail","6":"product_cat-dracaena","7":"product_cat-plantas-de-interior","8":"pa_tamano-matera-p14","10":"first","11":"instock","12":"featured","13":"purchasable","14":"product-type-simple"},"aioseo_notices":[],"_links":{"self":[{"href":"https:\/\/selvaticoplantshop.com\/index.php\/wp-json\/wp\/v2\/product\/265","targetHints":{"allow":["GET"]}}],"collection":[{"href":"https:\/\/selvaticoplantshop.com\/index.php\/wp-json\/wp\/v2\/product"}],"about":[{"href":"https:\/\/selvaticoplantshop.com\/index.php\/wp-json\/wp\/v2\/types\/product"}],"replies":[{"embeddable":true,"href":"https:\/\/selvaticoplantshop.com\/index.php\/wp-json\/wp\/v2\/comments?post=265"}],"wp:featuredmedia":[{"embeddable":true,"href":"https:\/\/selvaticoplantshop.com\/index.php\/wp-json\/wp\/v2\/media\/170"}],"wp:attachment":[{"href":"https:\/\/selvaticoplantshop.com\/index.php\/wp-json\/wp\/v2\/media?parent=265"}],"wp:term":[{"taxonomy":"product_brand","embeddable":true,"href":"https:\/\/selvaticoplantshop.com\/index.php\/wp-json\/wp\/v2\/product_brand?post=265"},{"taxonomy":"product_cat","embeddable":true,"href":"https:\/\/selvaticoplantshop.com\/index.php\/wp-json\/wp\/v2\/product_cat?post=265"},{"taxonomy":"product_tag","embeddable":true,"href":"https:\/\/selvaticoplantshop.com\/index.php\/wp-json\/wp\/v2\/product_tag?post=265"}],"curies":[{"name":"wp","href":"https:\/\/api.w.org\/{rel}","templated":true}]}}