{"id":267,"date":"2024-03-13T20:58:22","date_gmt":"2024-03-14T01:58:22","guid":{"rendered":"https:\/\/selvaticoplantshop.com\/index.php\/producto\/heuchera\/"},"modified":"2025-07-31T17:50:28","modified_gmt":"2025-07-31T22:50:28","slug":"heuchera","status":"publish","type":"product","link":"https:\/\/selvaticoplantshop.com\/index.php\/producto\/heuchera\/","title":{"rendered":"Heuchera"},"content":{"rendered":"<p><strong>Tipo de planta<\/strong>: Heuchera es un g\u00e9nero de plantas perennes de hoja perenne.<br \/>\n<strong>Tama\u00f1o<\/strong>: Las plantas Heuchera generalmente crecen de 6 a 12 pulgadas de alto y ancho.<br \/>\n<strong>Hojas<\/strong>: Las hojas de Heuchera son palmeadas y lobuladas, y vienen en una variedad de colores, incluidos verde, rojo, naranja, amarillo y morado.<br \/>\n<strong>Flores<\/strong>: Las flores de Heuchera son peque\u00f1as y en forma de campana, y aparecen en tallos delgados por encima del follaje.<br \/>\n<strong>\u00c9poca de floraci\u00f3n<\/strong>: Las Heucheras florecen desde la primavera hasta el oto\u00f1o.<br \/>\n<strong>Requisitos de sol<\/strong>: Las Heucheras prefieren sombra parcial o sombra total. Riegue las heucheras regularmente, pero no las riegue en exceso.<br \/>\n<strong>Requisitos de suelo<\/strong>: Las Heucheras prefieren un suelo rico y bien drenado.<\/p>\n","protected":false},"excerpt":{"rendered":"<p>Heuchera es una valiosa planta de jardiner\u00eda por su follaje colorido y texturado. Se pueden utilizar en bordes, jardines de rocas o como plantas de cobertura. Tambi\u00e9n son buenas plantas para contenedores. Hay muchas variedades diferentes de Heuchera disponibles, con hojas en una variedad de colores, incluidos verde, rojo, naranja, amarillo y morado. Heuchera es una planta de bajo mantenimiento que es f\u00e1cil de cultivar en el jard\u00edn. Prefieren sombra parcial o total y suelo h\u00famedo pero bien drenado. Son tolerantes a la sequ\u00eda y a los suelos pobres. Heuchera tiene hojas palmeadas o lobuladas que crecen en un mont\u00edculo basal. Las flores son peque\u00f1as y de color blanco, rosa o rojo, y se producen en espigas o pan\u00edculas.<\/p>\n<p>&nbsp;<\/p>\n","protected":false},"featured_media":216,"comment_status":"closed","ping_status":"closed","template":"","meta":{"om_disable_all_campaigns":false,"_monsterinsights_skip_tracking":false,"_monsterinsights_sitenote_active":false,"_monsterinsights_sitenote_note":"","_monsterinsights_sitenote_category":0,"_uf_show_specific_survey":0,"_uf_disable_surveys":false,"_joinchat":[]},"product_brand":[],"product_cat":[25],"product_tag":[],"class_list":{"0":"post-267","1":"product","2":"type-product","3":"status-publish","4":"has-post-thumbnail","6":"product_cat-plantas-de-interior","7":"pa_tamano-matera-p14","9":"first","10":"instock","11":"purchasable","12":"product-type-simple"},"aioseo_notices":[],"_links":{"self":[{"href":"https:\/\/selvaticoplantshop.com\/index.php\/wp-json\/wp\/v2\/product\/267","targetHints":{"allow":["GET"]}}],"collection":[{"href":"https:\/\/selvaticoplantshop.com\/index.php\/wp-json\/wp\/v2\/product"}],"about":[{"href":"https:\/\/selvaticoplantshop.com\/index.php\/wp-json\/wp\/v2\/types\/product"}],"replies":[{"embeddable":true,"href":"https:\/\/selvaticoplantshop.com\/index.php\/wp-json\/wp\/v2\/comments?post=267"}],"wp:featuredmedia":[{"embeddable":true,"href":"https:\/\/selvaticoplantshop.com\/index.php\/wp-json\/wp\/v2\/media\/216"}],"wp:attachment":[{"href":"https:\/\/selvaticoplantshop.com\/index.php\/wp-json\/wp\/v2\/media?parent=267"}],"wp:term":[{"taxonomy":"product_brand","embeddable":true,"href":"https:\/\/selvaticoplantshop.com\/index.php\/wp-json\/wp\/v2\/product_brand?post=267"},{"taxonomy":"product_cat","embeddable":true,"href":"https:\/\/selvaticoplantshop.com\/index.php\/wp-json\/wp\/v2\/product_cat?post=267"},{"taxonomy":"product_tag","embeddable":true,"href":"https:\/\/selvaticoplantshop.com\/index.php\/wp-json\/wp\/v2\/product_tag?post=267"}],"curies":[{"name":"wp","href":"https:\/\/api.w.org\/{rel}","templated":true}]}}