{"id":270,"date":"2024-03-13T20:58:22","date_gmt":"2024-03-14T01:58:22","guid":{"rendered":"https:\/\/selvaticoplantshop.com\/index.php\/producto\/calathea-maranta-green\/"},"modified":"2025-07-31T17:51:38","modified_gmt":"2025-07-31T22:51:38","slug":"calathea-maranta-green","status":"publish","type":"product","link":"https:\/\/selvaticoplantshop.com\/index.php\/producto\/calathea-maranta-green\/","title":{"rendered":"Calathea Maranta Green"},"content":{"rendered":"<p><strong>Nombre com\u00fan<\/strong>: Calathea verde, planta de oraci\u00f3n verde<br \/>\n<strong>Tipo de planta<\/strong>: Planta de interior perenne<br \/>\n<strong>Tama\u00f1o<\/strong>: Alcanza hasta 30 cm de altura y 60 cm de ancho<br \/>\n<strong>Hojas<\/strong>: Ovaladas, de color verde oscuro con manchas verde claro y nervios de color verde oscuro. Las hojas se pliegan por la noche, lo que le da a la planta el nombre de \u00abplanta de oraci\u00f3n\u00bb.<br \/>\n<strong>Flores<\/strong>: Peque\u00f1as, de color blanco o amarillo, que florecen en primavera y verano<br \/>\n<strong>Luz<\/strong>: Luz indirecta brillante<br \/>\n<strong>Agua<\/strong>: Mantener el suelo h\u00famedo pero no mojado<br \/>\n<strong>Humedad<\/strong>: Prefiere alta humedad<br \/>\n<strong>Suelo<\/strong>: Mezcla para macetas bien drenada<br \/>\n<strong>Fertilizante<\/strong>: Fertilice mensualmente<\/p>\n","protected":false},"excerpt":{"rendered":"<p>La Calathea Green Maranta, tambi\u00e9n conocida como Maranta leuconeura, es una planta de interior popular apreciada por sus hojas hermosas y coloridas. Las hojas son de color verde oscuro con manchas verde claro y venas rojas. Las hojas tambi\u00e9n est\u00e1n ligeramente rizadas, lo que le da a la planta una textura interesante.<\/p>\n<p>La Calathea Green Maranta es una planta relativamente f\u00e1cil de cuidar. Prefiere luz indirecta brillante y suelo h\u00famedo pero no mojado. Tambi\u00e9n es importante proporcionar a la planta una alta humedad, lo que se puede hacer colocando la planta en un ba\u00f1o o agrup\u00e1ndola con otras plantas.<\/p>\n<p>&nbsp;<\/p>\n","protected":false},"featured_media":148,"comment_status":"closed","ping_status":"closed","template":"","meta":{"om_disable_all_campaigns":false,"_monsterinsights_skip_tracking":false,"_monsterinsights_sitenote_active":false,"_monsterinsights_sitenote_note":"","_monsterinsights_sitenote_category":0,"_uf_show_specific_survey":0,"_uf_disable_surveys":false,"_joinchat":[]},"product_brand":[],"product_cat":[25],"product_tag":[],"class_list":{"0":"post-270","1":"product","2":"type-product","3":"status-publish","4":"has-post-thumbnail","6":"product_cat-plantas-de-interior","7":"pa_tamano-matera-p14","9":"first","10":"instock","11":"purchasable","12":"product-type-simple"},"aioseo_notices":[],"_links":{"self":[{"href":"https:\/\/selvaticoplantshop.com\/index.php\/wp-json\/wp\/v2\/product\/270","targetHints":{"allow":["GET"]}}],"collection":[{"href":"https:\/\/selvaticoplantshop.com\/index.php\/wp-json\/wp\/v2\/product"}],"about":[{"href":"https:\/\/selvaticoplantshop.com\/index.php\/wp-json\/wp\/v2\/types\/product"}],"replies":[{"embeddable":true,"href":"https:\/\/selvaticoplantshop.com\/index.php\/wp-json\/wp\/v2\/comments?post=270"}],"wp:featuredmedia":[{"embeddable":true,"href":"https:\/\/selvaticoplantshop.com\/index.php\/wp-json\/wp\/v2\/media\/148"}],"wp:attachment":[{"href":"https:\/\/selvaticoplantshop.com\/index.php\/wp-json\/wp\/v2\/media?parent=270"}],"wp:term":[{"taxonomy":"product_brand","embeddable":true,"href":"https:\/\/selvaticoplantshop.com\/index.php\/wp-json\/wp\/v2\/product_brand?post=270"},{"taxonomy":"product_cat","embeddable":true,"href":"https:\/\/selvaticoplantshop.com\/index.php\/wp-json\/wp\/v2\/product_cat?post=270"},{"taxonomy":"product_tag","embeddable":true,"href":"https:\/\/selvaticoplantshop.com\/index.php\/wp-json\/wp\/v2\/product_tag?post=270"}],"curies":[{"name":"wp","href":"https:\/\/api.w.org\/{rel}","templated":true}]}}