{"id":271,"date":"2024-03-13T20:58:22","date_gmt":"2024-03-14T01:58:22","guid":{"rendered":"https:\/\/selvaticoplantshop.com\/index.php\/producto\/monstera-rhaphidophora\/"},"modified":"2025-02-04T11:18:29","modified_gmt":"2025-02-04T16:18:29","slug":"monstera-rhaphidophora","status":"publish","type":"product","link":"https:\/\/selvaticoplantshop.com\/index.php\/producto\/monstera-rhaphidophora\/","title":{"rendered":"Monstera Rhaphidophora"},"content":{"rendered":"<p>Es una planta trepadora de hoja perenne nativa de las selvas tropicales de Asia. Es una planta de interior popular debido a sus hojas verdes brillantes y en forma de coraz\u00f3n, que a menudo tienen fenestrasciones (agujeros). La Monstera Rhaphidophora prefiere la luz indirecta brillante y el suelo h\u00famedo pero bien drenado. Debe regarse con regularidad, pero tenga cuidado de no regarla en exceso. La planta debe fertilizarse una vez al mes La Monstera Rhaphidophora puede crecer hasta 20 pies de largo, pero se puede podar para mantenerla a un tama\u00f1o m\u00e1s peque\u00f1o.<\/p>\n","protected":false},"excerpt":{"rendered":"<p>Cuidado de la planta Monstera Rhaphidophora:<\/p>\n<p><strong>Luz<\/strong>: La Monstera Rhaphidophora prefiere la luz brillante e indirecta. Evite la luz solar directa, ya que puede quemar las hojas.<br \/>\n<strong>Agua<\/strong>: Riegue la Monstera Rhaphidophora cuando la tierra est\u00e9 seca al tacto. Tenga cuidado de no regar demasiado, ya que esto puede provocar la pudrici\u00f3n de la ra\u00edz.<br \/>\n<strong>Suelo<\/strong>: La Monstera Rhaphidophora prefiere una mezcla para macetas bien drenada.<br \/>\n<strong>Humedad<\/strong>: La Monstera Rhaphidophora prefiere una humedad alta. Puede aumentar la humedad alrededor de su planta agrup\u00e1ndola con otras plantas o colocando un humidificador cerca.<br \/>\n<strong>Fertilizante<\/strong>: Fertilice la Monstera Rhaphidophora una vez al mes<\/p>\n","protected":false},"featured_media":194,"comment_status":"closed","ping_status":"closed","template":"","meta":{"om_disable_all_campaigns":false,"_monsterinsights_skip_tracking":false,"_monsterinsights_sitenote_active":false,"_monsterinsights_sitenote_note":"","_monsterinsights_sitenote_category":0,"_uf_show_specific_survey":0,"_uf_disable_surveys":false,"_joinchat":[]},"product_brand":[],"product_cat":[25],"product_tag":[],"class_list":{"0":"post-271","1":"product","2":"type-product","3":"status-publish","4":"has-post-thumbnail","6":"product_cat-plantas-de-interior","7":"pa_tamano-matera-p14","9":"first","10":"instock","11":"featured","12":"purchasable","13":"product-type-simple"},"aioseo_notices":[],"_links":{"self":[{"href":"https:\/\/selvaticoplantshop.com\/index.php\/wp-json\/wp\/v2\/product\/271","targetHints":{"allow":["GET"]}}],"collection":[{"href":"https:\/\/selvaticoplantshop.com\/index.php\/wp-json\/wp\/v2\/product"}],"about":[{"href":"https:\/\/selvaticoplantshop.com\/index.php\/wp-json\/wp\/v2\/types\/product"}],"replies":[{"embeddable":true,"href":"https:\/\/selvaticoplantshop.com\/index.php\/wp-json\/wp\/v2\/comments?post=271"}],"wp:featuredmedia":[{"embeddable":true,"href":"https:\/\/selvaticoplantshop.com\/index.php\/wp-json\/wp\/v2\/media\/194"}],"wp:attachment":[{"href":"https:\/\/selvaticoplantshop.com\/index.php\/wp-json\/wp\/v2\/media?parent=271"}],"wp:term":[{"taxonomy":"product_brand","embeddable":true,"href":"https:\/\/selvaticoplantshop.com\/index.php\/wp-json\/wp\/v2\/product_brand?post=271"},{"taxonomy":"product_cat","embeddable":true,"href":"https:\/\/selvaticoplantshop.com\/index.php\/wp-json\/wp\/v2\/product_cat?post=271"},{"taxonomy":"product_tag","embeddable":true,"href":"https:\/\/selvaticoplantshop.com\/index.php\/wp-json\/wp\/v2\/product_tag?post=271"}],"curies":[{"name":"wp","href":"https:\/\/api.w.org\/{rel}","templated":true}]}}