{"id":274,"date":"2024-03-13T20:58:22","date_gmt":"2024-03-14T01:58:22","guid":{"rendered":"https:\/\/selvaticoplantshop.com\/index.php\/producto\/peperomia-dolar\/"},"modified":"2025-07-31T17:53:55","modified_gmt":"2025-07-31T22:53:55","slug":"peperomia-dolar","status":"publish","type":"product","link":"https:\/\/selvaticoplantshop.com\/index.php\/producto\/peperomia-dolar\/","title":{"rendered":"Peperomia Dolar"},"content":{"rendered":"<p><strong>Tipo de planta<\/strong>: Planta de interior perenne<\/p>\n<p><strong>Nombre cient\u00edfico<\/strong>: Epipremnum aureum<\/p>\n<p><strong>Luz<\/strong>: Luz indirecta brillante<\/p>\n<p><strong>Agua<\/strong>: Riegue cuando la tierra est\u00e9 seca al tacto<\/p>\n<p><strong>Suelo<\/strong>: Mezcla para macetas bien drenada<\/p>\n<p><strong>Fertilizante<\/strong>: Fertilice una vez al mes<\/p>\n","protected":false},"excerpt":{"rendered":"<p>La planta del dinero, tambi\u00e9n conocida como planta del d\u00f3lar, es una planta de interior popular que es f\u00e1cil de cuidar y mantener. Es una planta perenne rastrera con hojas verdes brillantes y variegadas. La planta del dinero es una buena opci\u00f3n para cestas colgantes o terrarios.<\/p>\n<p>&nbsp;<\/p>\n","protected":false},"featured_media":228,"comment_status":"closed","ping_status":"closed","template":"","meta":{"om_disable_all_campaigns":false,"_monsterinsights_skip_tracking":false,"_monsterinsights_sitenote_active":false,"_monsterinsights_sitenote_note":"","_monsterinsights_sitenote_category":0,"_uf_show_specific_survey":0,"_uf_disable_surveys":false,"_joinchat":[]},"product_brand":[],"product_cat":[25],"product_tag":[],"class_list":{"0":"post-274","1":"product","2":"type-product","3":"status-publish","4":"has-post-thumbnail","6":"product_cat-plantas-de-interior","7":"pa_tamano-matera-p10","9":"first","10":"instock","11":"purchasable","12":"product-type-simple"},"aioseo_notices":[],"_links":{"self":[{"href":"https:\/\/selvaticoplantshop.com\/index.php\/wp-json\/wp\/v2\/product\/274","targetHints":{"allow":["GET"]}}],"collection":[{"href":"https:\/\/selvaticoplantshop.com\/index.php\/wp-json\/wp\/v2\/product"}],"about":[{"href":"https:\/\/selvaticoplantshop.com\/index.php\/wp-json\/wp\/v2\/types\/product"}],"replies":[{"embeddable":true,"href":"https:\/\/selvaticoplantshop.com\/index.php\/wp-json\/wp\/v2\/comments?post=274"}],"wp:featuredmedia":[{"embeddable":true,"href":"https:\/\/selvaticoplantshop.com\/index.php\/wp-json\/wp\/v2\/media\/228"}],"wp:attachment":[{"href":"https:\/\/selvaticoplantshop.com\/index.php\/wp-json\/wp\/v2\/media?parent=274"}],"wp:term":[{"taxonomy":"product_brand","embeddable":true,"href":"https:\/\/selvaticoplantshop.com\/index.php\/wp-json\/wp\/v2\/product_brand?post=274"},{"taxonomy":"product_cat","embeddable":true,"href":"https:\/\/selvaticoplantshop.com\/index.php\/wp-json\/wp\/v2\/product_cat?post=274"},{"taxonomy":"product_tag","embeddable":true,"href":"https:\/\/selvaticoplantshop.com\/index.php\/wp-json\/wp\/v2\/product_tag?post=274"}],"curies":[{"name":"wp","href":"https:\/\/api.w.org\/{rel}","templated":true}]}}