{"id":277,"date":"2024-03-13T20:58:22","date_gmt":"2024-03-14T01:58:22","guid":{"rendered":"https:\/\/selvaticoplantshop.com\/index.php\/producto\/peperomia-velita\/"},"modified":"2025-07-31T17:57:03","modified_gmt":"2025-07-31T22:57:03","slug":"peperomia-velita","status":"publish","type":"product","link":"https:\/\/selvaticoplantshop.com\/index.php\/producto\/peperomia-velita\/","title":{"rendered":"Peperomia Velita"},"content":{"rendered":"<p><strong>Tipo de planta<\/strong>: Suculenta<\/p>\n<p><strong>Nombre cient\u00edfico<\/strong>: Peperomia caperata &#8216;rosso&#8217;<\/p>\n<p><strong>Riego<\/strong>: Moderado. Deje que el suelo se seque entre riegos.<\/p>\n<p><strong>Luz<\/strong>: Luz indirecta brillante. Evite la luz solar directa.<\/p>\n<p><strong>Humedad<\/strong>: Promedio. No es necesario nebulizar.<\/p>\n<p><strong>Suelo<\/strong>: Mezcla para macetas bien drenada.<\/p>\n<p><strong>Fertilizante<\/strong>: Fertilice una vez al mes<\/p>\n","protected":false},"excerpt":{"rendered":"<p>La Peperomia Velita es una planta suculenta de interior popular por sus hojas peque\u00f1as y carnosas. Las hojas son de color verde oscuro con nervaduras prominentes y tienen un ligero brillo. El env\u00e9s de las hojas es de color rojo vino, lo que le da a la planta un aspecto \u00fanico e interesante.<\/p>\n<p>La Peperomia Velita es una planta de bajo mantenimiento que es f\u00e1cil de cuidar. Se adapta bien a una variedad de condiciones de luz y humedad, y no requiere mucha agua. Es una planta ideal para principiantes o para aquellos que no tienen mucho tiempo para dedicar al cuidado de las plantas.<\/p>\n<p>&nbsp;<\/p>\n","protected":false},"featured_media":232,"comment_status":"closed","ping_status":"closed","template":"","meta":{"om_disable_all_campaigns":false,"_monsterinsights_skip_tracking":false,"_monsterinsights_sitenote_active":false,"_monsterinsights_sitenote_note":"","_monsterinsights_sitenote_category":0,"_uf_show_specific_survey":0,"_uf_disable_surveys":false,"_joinchat":[]},"product_brand":[],"product_cat":[25],"product_tag":[],"class_list":{"0":"post-277","1":"product","2":"type-product","3":"status-publish","4":"has-post-thumbnail","6":"product_cat-plantas-de-interior","7":"pa_tamano-matera-p10","9":"first","10":"instock","11":"purchasable","12":"product-type-simple"},"aioseo_notices":[],"_links":{"self":[{"href":"https:\/\/selvaticoplantshop.com\/index.php\/wp-json\/wp\/v2\/product\/277","targetHints":{"allow":["GET"]}}],"collection":[{"href":"https:\/\/selvaticoplantshop.com\/index.php\/wp-json\/wp\/v2\/product"}],"about":[{"href":"https:\/\/selvaticoplantshop.com\/index.php\/wp-json\/wp\/v2\/types\/product"}],"replies":[{"embeddable":true,"href":"https:\/\/selvaticoplantshop.com\/index.php\/wp-json\/wp\/v2\/comments?post=277"}],"wp:featuredmedia":[{"embeddable":true,"href":"https:\/\/selvaticoplantshop.com\/index.php\/wp-json\/wp\/v2\/media\/232"}],"wp:attachment":[{"href":"https:\/\/selvaticoplantshop.com\/index.php\/wp-json\/wp\/v2\/media?parent=277"}],"wp:term":[{"taxonomy":"product_brand","embeddable":true,"href":"https:\/\/selvaticoplantshop.com\/index.php\/wp-json\/wp\/v2\/product_brand?post=277"},{"taxonomy":"product_cat","embeddable":true,"href":"https:\/\/selvaticoplantshop.com\/index.php\/wp-json\/wp\/v2\/product_cat?post=277"},{"taxonomy":"product_tag","embeddable":true,"href":"https:\/\/selvaticoplantshop.com\/index.php\/wp-json\/wp\/v2\/product_tag?post=277"}],"curies":[{"name":"wp","href":"https:\/\/api.w.org\/{rel}","templated":true}]}}