{"id":280,"date":"2024-03-13T20:58:22","date_gmt":"2024-03-14T01:58:22","guid":{"rendered":"https:\/\/selvaticoplantshop.com\/index.php\/producto\/scindapsus-pictus\/"},"modified":"2025-07-31T17:55:38","modified_gmt":"2025-07-31T22:55:38","slug":"scindapsus-pictus","status":"publish","type":"product","link":"https:\/\/selvaticoplantshop.com\/index.php\/producto\/scindapsus-pictus\/","title":{"rendered":"Scindapsus Pictus"},"content":{"rendered":"<p><strong>Tipo de planta<\/strong>: Trepadora<br \/>\n<strong>Nombre cient\u00edfico<\/strong>: Scindapsus pictus<br \/>\n<strong>Tama\u00f1o<\/strong>: Puede alcanzar hasta 4 metros de largo.<br \/>\n<strong>Hojas<\/strong>: Ovaladas, de color verde con manchas plateadas o variegadas.<br \/>\n<strong>Flores:<\/strong> Peque\u00f1as y blancas, no son muy llamativas.<br \/>\n<strong>Luz<\/strong>: Necesita luz indirecta brillante, pero no sol directo.<br \/>\n<strong>Riego<\/strong>: Moderado. Regar cuando la tierra est\u00e9 seca al tacto.<br \/>\n<strong>Humedad<\/strong>: Prefiere una humedad ambiental alta. Se puede aumentar la humedad colocando un humidificador cerca de la planta o agrup\u00e1ndola con otras plantas.<br \/>\n<strong>Temperatura<\/strong>: Prefiere temperaturas entre 18 y 24 \u00b0C.<br \/>\n<strong>Suelo<\/strong>: Debe ser rico en materia org\u00e1nica y tener un buen drenaje.<br \/>\n<strong>Fertilizante:<\/strong> Fertilizar una vez al mes<\/p>\n","protected":false},"excerpt":{"rendered":"<p>El Scindapsus pictus es una planta trepadora o colgante de hoja perenne originaria de las Islas Salom\u00f3n. Es una planta de interior popular debido a sus hojas variegadas de color verde y plateado. Las hojas son de forma ovalada y tienen un tacto suave y satinado. El Scindapsus pictus es una planta de crecimiento r\u00e1pido y f\u00e1cil de cuidar. Es una buena opci\u00f3n para principiantes o para aquellos que no tienen mucho tiempo para dedicarle a la jardiner\u00eda.<\/p>\n<p>&nbsp;<\/p>\n","protected":false},"featured_media":235,"comment_status":"closed","ping_status":"closed","template":"","meta":{"om_disable_all_campaigns":false,"_monsterinsights_skip_tracking":false,"_monsterinsights_sitenote_active":false,"_monsterinsights_sitenote_note":"","_monsterinsights_sitenote_category":0,"_uf_show_specific_survey":0,"_uf_disable_surveys":false,"_joinchat":[]},"product_brand":[],"product_cat":[25],"product_tag":[],"class_list":{"0":"post-280","1":"product","2":"type-product","3":"status-publish","4":"has-post-thumbnail","6":"product_cat-plantas-de-interior","7":"pa_tamano-matera-p14","9":"first","10":"instock","11":"featured","12":"purchasable","13":"product-type-simple"},"aioseo_notices":[],"_links":{"self":[{"href":"https:\/\/selvaticoplantshop.com\/index.php\/wp-json\/wp\/v2\/product\/280","targetHints":{"allow":["GET"]}}],"collection":[{"href":"https:\/\/selvaticoplantshop.com\/index.php\/wp-json\/wp\/v2\/product"}],"about":[{"href":"https:\/\/selvaticoplantshop.com\/index.php\/wp-json\/wp\/v2\/types\/product"}],"replies":[{"embeddable":true,"href":"https:\/\/selvaticoplantshop.com\/index.php\/wp-json\/wp\/v2\/comments?post=280"}],"wp:featuredmedia":[{"embeddable":true,"href":"https:\/\/selvaticoplantshop.com\/index.php\/wp-json\/wp\/v2\/media\/235"}],"wp:attachment":[{"href":"https:\/\/selvaticoplantshop.com\/index.php\/wp-json\/wp\/v2\/media?parent=280"}],"wp:term":[{"taxonomy":"product_brand","embeddable":true,"href":"https:\/\/selvaticoplantshop.com\/index.php\/wp-json\/wp\/v2\/product_brand?post=280"},{"taxonomy":"product_cat","embeddable":true,"href":"https:\/\/selvaticoplantshop.com\/index.php\/wp-json\/wp\/v2\/product_cat?post=280"},{"taxonomy":"product_tag","embeddable":true,"href":"https:\/\/selvaticoplantshop.com\/index.php\/wp-json\/wp\/v2\/product_tag?post=280"}],"curies":[{"name":"wp","href":"https:\/\/api.w.org\/{rel}","templated":true}]}}