{"id":281,"date":"2024-03-13T20:58:22","date_gmt":"2024-03-14T01:58:22","guid":{"rendered":"https:\/\/selvaticoplantshop.com\/index.php\/producto\/helecho-gateador\/"},"modified":"2026-04-27T17:13:12","modified_gmt":"2026-04-27T22:13:12","slug":"helecho-gateador","status":"publish","type":"product","link":"https:\/\/selvaticoplantshop.com\/index.php\/producto\/helecho-gateador\/","title":{"rendered":"Helecho Gateador"},"content":{"rendered":"<p><strong>Tipo de planta<\/strong>: Helecho<br \/>\n<strong>Nombre cient\u00edfico<\/strong>: Selaginella lepidophylla<br \/>\n<strong>Riego:<\/strong> Moderado, mantener el suelo h\u00famedo pero no mojado<br \/>\n<strong>Luz<\/strong>: Luz brillante e indirecta<br \/>\n<strong>Humedad<\/strong>: Alta<br \/>\n<strong>Suelo<\/strong>: Mezcla para macetas bien drenada<br \/>\n<strong>Fertilizante<\/strong>: Fertilice una vez al mes<\/p>\n","protected":false},"excerpt":{"rendered":"<p>El helecho rastrero es una planta de interior popular que es conocida por sus hojas peque\u00f1as y escamosas que se asemejan a las escamas de un reptil. Es una planta relativamente f\u00e1cil de cuidar y es una buena opci\u00f3n para principiantes.<\/p>\n<p>El helecho rastrero prefiere luz brillante e indirecta. Si recibe demasiada luz solar directa, las hojas pueden quemarse. La planta tambi\u00e9n prefiere un suelo h\u00famedo pero no mojado. Es importante regar la planta con regularidad, pero tenga cuidado de no regarla en exceso. El helecho rastrero tambi\u00e9n prefiere una alta humedad. Puede aumentar la humedad alrededor de la planta colocando un humidificador cerca o colocando la planta en una bandeja con guijarros y agua.<\/p>\n<p>&nbsp;<\/p>\n","protected":false},"featured_media":186,"comment_status":"closed","ping_status":"closed","template":"","meta":{"om_disable_all_campaigns":false,"_monsterinsights_skip_tracking":false,"_monsterinsights_sitenote_active":false,"_monsterinsights_sitenote_note":"","_monsterinsights_sitenote_category":0,"_uf_show_specific_survey":0,"_uf_disable_surveys":false,"_joinchat":[]},"product_brand":[],"product_cat":[25],"product_tag":[],"class_list":{"0":"post-281","1":"product","2":"type-product","3":"status-publish","4":"has-post-thumbnail","6":"product_cat-plantas-de-interior","7":"pa_tamano-matera-p10","9":"first","10":"instock","11":"purchasable","12":"product-type-simple"},"aioseo_notices":[],"_links":{"self":[{"href":"https:\/\/selvaticoplantshop.com\/index.php\/wp-json\/wp\/v2\/product\/281","targetHints":{"allow":["GET"]}}],"collection":[{"href":"https:\/\/selvaticoplantshop.com\/index.php\/wp-json\/wp\/v2\/product"}],"about":[{"href":"https:\/\/selvaticoplantshop.com\/index.php\/wp-json\/wp\/v2\/types\/product"}],"replies":[{"embeddable":true,"href":"https:\/\/selvaticoplantshop.com\/index.php\/wp-json\/wp\/v2\/comments?post=281"}],"wp:featuredmedia":[{"embeddable":true,"href":"https:\/\/selvaticoplantshop.com\/index.php\/wp-json\/wp\/v2\/media\/186"}],"wp:attachment":[{"href":"https:\/\/selvaticoplantshop.com\/index.php\/wp-json\/wp\/v2\/media?parent=281"}],"wp:term":[{"taxonomy":"product_brand","embeddable":true,"href":"https:\/\/selvaticoplantshop.com\/index.php\/wp-json\/wp\/v2\/product_brand?post=281"},{"taxonomy":"product_cat","embeddable":true,"href":"https:\/\/selvaticoplantshop.com\/index.php\/wp-json\/wp\/v2\/product_cat?post=281"},{"taxonomy":"product_tag","embeddable":true,"href":"https:\/\/selvaticoplantshop.com\/index.php\/wp-json\/wp\/v2\/product_tag?post=281"}],"curies":[{"name":"wp","href":"https:\/\/api.w.org\/{rel}","templated":true}]}}